{"id":953,"date":"2026-02-11T08:11:57","date_gmt":"2026-02-11T06:11:57","guid":{"rendered":"https:\/\/payment.m.ro\/mfg\/?post_type=product&#038;p=953"},"modified":"2026-03-18T11:26:22","modified_gmt":"2026-03-18T09:26:22","slug":"fee-conferinta-zf-hr-trends-2026","status":"publish","type":"product","link":"https:\/\/payment.m.ro\/mfg\/?product=fee-conferinta-zf-hr-trends-2026","title":{"rendered":"FEE Conferin\u021b\u0103 &#8211; ZF HR Trends 2026"},"content":{"rendered":"","protected":false},"excerpt":{"rendered":"<p style=\"font-weight: 400;\">Ziarul Financiar organizeaz\u0103 ZF HR Trends 2026, cea de-a 20-a edi\u021bie a evenimentului dedicat resurselor umane, care reune\u0219te lideri de HR, CEO, CFO, manageri din marile companii locale, consultan\u021bi \u0219i exper\u021bi \u00een tehnologie \u0219i people management.<\/p>\n<p>Anul 2026 marcheaz\u0103 o schimbare de paradigm\u0103 pentru resursele umane: HR-ul trece de la rolul de func\u0163ie suport la rolul de arhitect al productivit\u0103\u0163ii \u015fi profitabilit\u0103\u0163ii organiza\u0163iilor.<\/p>\n","protected":false},"featured_media":955,"template":"","meta":[],"product_brand":[31],"product_cat":[24],"product_tag":[18,25],"class_list":{"0":"post-953","1":"product","2":"type-product","3":"status-publish","4":"has-post-thumbnail","6":"product_brand-evenimente-zf","7":"product_cat-zf-hr-trends","8":"product_tag-conferinte","9":"product_tag-zf-hr-trends","11":"first","12":"instock","13":"shipping-taxable","14":"purchasable","15":"product-type-simple"},"_links":{"self":[{"href":"https:\/\/payment.m.ro\/mfg\/index.php?rest_route=\/wp\/v2\/product\/953","targetHints":{"allow":["GET"]}}],"collection":[{"href":"https:\/\/payment.m.ro\/mfg\/index.php?rest_route=\/wp\/v2\/product"}],"about":[{"href":"https:\/\/payment.m.ro\/mfg\/index.php?rest_route=\/wp\/v2\/types\/product"}],"wp:featuredmedia":[{"embeddable":true,"href":"https:\/\/payment.m.ro\/mfg\/index.php?rest_route=\/wp\/v2\/media\/955"}],"wp:attachment":[{"href":"https:\/\/payment.m.ro\/mfg\/index.php?rest_route=%2Fwp%2Fv2%2Fmedia&parent=953"}],"wp:term":[{"taxonomy":"product_brand","embeddable":true,"href":"https:\/\/payment.m.ro\/mfg\/index.php?rest_route=%2Fwp%2Fv2%2Fproduct_brand&post=953"},{"taxonomy":"product_cat","embeddable":true,"href":"https:\/\/payment.m.ro\/mfg\/index.php?rest_route=%2Fwp%2Fv2%2Fproduct_cat&post=953"},{"taxonomy":"product_tag","embeddable":true,"href":"https:\/\/payment.m.ro\/mfg\/index.php?rest_route=%2Fwp%2Fv2%2Fproduct_tag&post=953"}],"curies":[{"name":"wp","href":"https:\/\/api.w.org\/{rel}","templated":true}]}}