{"id":820,"date":"2025-12-30T08:34:47","date_gmt":"2025-12-30T06:34:47","guid":{"rendered":"https:\/\/payment.m.ro\/mfg\/?post_type=product&#038;p=820"},"modified":"2025-12-30T08:37:43","modified_gmt":"2025-12-30T06:37:43","slug":"anuarul-zf-whos-who-in-business-2025","status":"publish","type":"product","link":"https:\/\/payment.m.ro\/mfg\/?product=anuarul-zf-whos-who-in-business-2025","title":{"rendered":"Anuarul ZF Who&#8217;s Who in business 2025"},"content":{"rendered":"<p>Cei 1.000 de oameni de business prezenta\u021bi anual \u00een acest anuar, fie c\u0103 sunt directori de companii &#8211; a\u0219a-numi\u021bii C-level, fie antreprenori, constituie avangarda de leadership a mediului de afaceri romnesc.<\/p>\n<p>De modul \u00een care v\u0103d ei lumea, de ambi\u021biile, temerile \u0219i for\u021ba lor depinde felul \u00een care va ar\u0103ta economia rom\u00e5neasc\u0103 \u00een anii ce vin.<\/p>\n<p>Acest anuar a \u00eenceput s\u0103 fie realizat \u00eentr-o perioad\u0103 \u00een care leadershipul rom\u00e2nesc de business depindea \u00een mod cov\u00e2r\u0219itor de leadershipul extern. Erau anii 2005\u20132006, premerg\u0103tori ader\u0103rii Rom\u00e2niei la Uniunea European\u0103, c\u00e2nd multina\u021bionalele au reprezentat principalul factor de modernizare a economiei, prin privatiz\u0103ri \u0219i investi\u021bii str\u0103ine directe, greenfield.<\/p>\n<p>Rom\u00e2nia venea dup\u0103 c\u00e2teva decenii de izolare, iar necesara re\u00eennodare a activit\u0103\u021bii economice locale de circuitele mondiale, europene sau extraeuropene, a trebuit s\u0103 fie realizat\u0103 ini\u021bial exclusiv de c\u0103tre manageri str\u0103ini, a\u0219a-numi\u021bii expa\u021bi, \u00een acea perioad\u0103.<\/p>\n<p>Ei au fost adu\u0219i fie la b\u0103nci \u0219i la marile \u00eentreprinderi privatizate cu capital str\u0103in, fie pentru a conduce opera\u021biuni greenfield locale.<\/p>\n<p>\u00cen acei ani, \u201eexpatul\u201d era privit ca un personaj aparte, purta o \u201eaur\u0103\u201d \u0219i, \u00eentr-adev\u0103r, a\u0219a cum spune \u0219i Tolstoi \u00een debutul romanului R\u0103zboi \u0219i pace, familiile fericite nu au o istorie, ci doar cele zbuciumate.<\/p>\n<p>Expa\u021bii din acei ani erau adev\u0103rate personaje, care trebuiau s\u0103 se descurce \u00eentr-un mediu de business destul de ostil, cu infla\u021bie ridicat\u0103, \u00een care aproape totul trebuia luat de la \u00eenceput \u0219i reinventat.<\/p>\n<p>Ast\u0103zi, directorii generali ai marilor companii de retail sau ai b\u0103ncilor cu capital str\u0103in sunt mai pu\u021bin cunoscu\u021bi; aproape totul se desf\u0103\u0219oar\u0103 \u00een cadrul unui mecanism care func\u021bioneaz\u0103 f\u0103r\u0103 pasiunile \u0219i energia caracteristice anilor de \u00eenceput ai investi\u021biilor str\u0103ine \u00een Rom\u00e5nia.<\/p>\n<p>Iar \u00een multe dintre multina\u021bionale avem ast\u0103zi rom\u00e2ni la conducere; spre exemplu, \u00een a\u0219a-numitele Big Four, companiile de consultan\u021b\u0103 \u0219i audit, de mult timp nu mai exist\u0103 niciun cet\u0103\u021bean str\u0103in la v\u00e2rf.<\/p>\n<p>Mai mult, a venit \u0219i r\u00e2ndul firmelor locale s\u0103 joace cu expa\u021bi la cel mai \u00eenalt nivel, astfel \u00eenc\u00e2t Top 1.000 din 2025 al leadershipului rom\u00e2nesc de business arat\u0103 mult mai matur.<\/p>\n<p>Maturitatea \u00een business \u00eenseamn\u0103 ca organiza\u021biile s\u0103 nu mai depind\u0103 de personalitatea X sau Y, ci aparent s\u0103 mearg\u0103 de la sine, chiar dac\u0103 la v\u00e2rf nu mai exist\u0103 talente, ci oameni care fac corect lucrurile.<\/p>\n<p>Din acest punct de vedere, pentru a trece \u00een urm\u0103toarea etap\u0103 de care are nevoie economia Rom\u00e2niei, \u0219i anume extinderea pe pie\u021bele interna\u021bionale a juc\u0103torilor cu capital privat local, businessul rom\u00e2nesc va avea nevoie s\u0103 \u00ee\u0219i selecteze proprii \u201eeroi\u201d ai expansiunii.<\/p>\n<p>|n acest moment, situa\u021bia este precum mugurii plantelor de prim\u0103var\u0103 care dau s\u0103 sparg\u0103 pojghi\u021ba de ghea\u021b\u0103: cei mai insisten\u021bi \u0219i talenta\u021bi vor reu\u0219i s\u0103 ne permit\u0103 s\u0103 ne imagin\u0103m cum va ar\u0103ta un Who\u2019s Who 1.000 al celor mai importan\u021bi lideri de business ai companiilor rom\u00e2ne\u0219ti care s-au extins \u00een regiune \u0219i la nivel interna\u021bional.<\/p>\n<p>Anuarul a pornit de la o nevoie simpl\u0103, de a avea o informa\u021bie sintetizat\u0103 despre profilul celor care conduc cele mai importante firme din 20 de mari sectoare de activitate, c\u00e2te 50 de persoane pentru fiecare sector.<\/p>\n<p>Este, de fapt, un exerci\u021biu anual de actualizare a informa\u021biilor despre cei care au \u00een m\u00e2inile lor destinul celor mai mari companii din Rom\u00e2nia. C\u0103tre ace\u0219ti oameni \u00ee\u0219i \u00eendreapt\u0103 privirile sutele sau miile de oameni din organiza\u021bii.<\/p>\n<p>Cu c\u00e2t vom avea mai mul\u021bi profesioni\u0219ti, oameni deja umbla\u021bi deja prin spa\u021bii europene \u0219i interna\u021bionale la v\u00e2rf, cu at\u00e2t economia rom\u00e2neasc\u0103 va fi mai performant\u0103 \u0219i companiile locale vor fi mai ambi\u021bioase. De fapt, \u00een condi\u021biile \u00een care economiile europene str\u00e2ng r\u00e2ndurile \u00een fa\u021ba competi\u021biei chineze \u0219i americane \u0219i au ca obiectiv o integrare mai profund\u0103, interna\u021bionalizarea inclusiv a managementului de mijloc din companii va urma inexorabil. De aceea tinerii manageri \u0219i antreprenori locali vor lua tot mai mult \u00een considerare cariere \u0219i dezvoltare interna\u021bional\u0103, regional\u0103 \u0219i european\u0103 cel pu\u021bin, mult mai devreme. Who\u2019s who in business \u00een Romania azi, Who\u2019s who in Europe m\u00e2ine.<\/p>\n<p>&nbsp;<\/p>\n<p><strong>Sorin P\u00e2slaru, redactor-\u0219ef Ziarul Financiar <\/strong><\/p>\n<p>Mai multe detalii pute\u0163i citi \u00een Anuarul <strong>ZF Who&#8217;s Who in business <\/strong>2025.<\/p>\n<hr \/>\n<p>Edi\u0163iile print sunt valabile \u00een limita stocului disponibil. \u00cen cazul \u00een care stocul se epuizeaz\u0103 va fi livrat\u0103 edi\u0163ia electronic\u0103.<\/p>\n<p>Comand\u0103 anuarul mai jos la pre\u0163ul de 550 de lei, TVA inclus.<\/p>\n<p>Pentru abonamente ZF, v\u0103 rug\u0103m contacta\u0163i-ne la adresa de e-mail claudia.mirt@m.ro.<\/p>\n","protected":false},"excerpt":{"rendered":"<p>Cei 1.000 de oameni de business prezenta\u021bi anual \u00een acest anuar, fie c\u0103 sunt directori de companii &#8211; a\u0219a-numi\u021bii C-level, fie antreprenori, constituie avangarda de leadership a mediului de afaceri romnesc.<br \/>\nDe modul \u00een care v\u0103d ei lumea, de ambi\u021biile, temerile \u0219i for\u021ba lor depinde felul \u00een care va ar\u0103ta economia rom\u00e5neasc\u0103 \u00een anii ce vin.<\/p>\n","protected":false},"featured_media":821,"template":"","meta":[],"product_brand":[27],"product_cat":[50],"product_tag":[49,48],"class_list":{"0":"post-820","1":"product","2":"type-product","3":"status-publish","4":"has-post-thumbnail","6":"product_brand-ziarul-financiar","7":"product_cat-anuare-zf","8":"product_tag-dupa-afaceri-premium","9":"product_tag-supliment-zf","11":"first","12":"instock","13":"shipping-taxable","14":"purchasable","15":"product-type-simple"},"_links":{"self":[{"href":"https:\/\/payment.m.ro\/mfg\/index.php?rest_route=\/wp\/v2\/product\/820","targetHints":{"allow":["GET"]}}],"collection":[{"href":"https:\/\/payment.m.ro\/mfg\/index.php?rest_route=\/wp\/v2\/product"}],"about":[{"href":"https:\/\/payment.m.ro\/mfg\/index.php?rest_route=\/wp\/v2\/types\/product"}],"wp:featuredmedia":[{"embeddable":true,"href":"https:\/\/payment.m.ro\/mfg\/index.php?rest_route=\/wp\/v2\/media\/821"}],"wp:attachment":[{"href":"https:\/\/payment.m.ro\/mfg\/index.php?rest_route=%2Fwp%2Fv2%2Fmedia&parent=820"}],"wp:term":[{"taxonomy":"product_brand","embeddable":true,"href":"https:\/\/payment.m.ro\/mfg\/index.php?rest_route=%2Fwp%2Fv2%2Fproduct_brand&post=820"},{"taxonomy":"product_cat","embeddable":true,"href":"https:\/\/payment.m.ro\/mfg\/index.php?rest_route=%2Fwp%2Fv2%2Fproduct_cat&post=820"},{"taxonomy":"product_tag","embeddable":true,"href":"https:\/\/payment.m.ro\/mfg\/index.php?rest_route=%2Fwp%2Fv2%2Fproduct_tag&post=820"}],"curies":[{"name":"wp","href":"https:\/\/api.w.org\/{rel}","templated":true}]}}