{"id":804,"date":"2025-12-19T08:11:58","date_gmt":"2025-12-19T06:11:58","guid":{"rendered":"https:\/\/payment.m.ro\/mfg\/?post_type=product&#038;p=804"},"modified":"2026-02-17T08:10:44","modified_gmt":"2026-02-17T06:10:44","slug":"fee-conferinta-2-zile-zf-power-summit-2026","status":"publish","type":"product","link":"https:\/\/payment.m.ro\/mfg\/?product=fee-conferinta-2-zile-zf-power-summit-2026","title":{"rendered":"FEE Conferin\u021b\u0103 2 zile &#8211; ZF Power Summit 2026"},"content":{"rendered":"<div>\n<p><strong>Early birds pana pe 26.01.2026<\/strong><\/p>\n<p>* Vei beneficia de:<\/p>\n<ul>\n<li>1 abonament pentru 3 luni pe site-ul <a href=\"http:\/\/www.zfcorporate.ro\/\" data-cke-saved-href=\"http:\/\/www.zfcorporate.ro\">www.zfcorporate.ro<\/a>\u00a0sec\u0163iunea Energie<\/li>\n<li>Acces la toate sesiunile \u015fi dezbaterile din ziua evenimentului<\/li>\n<li>Posibilitatea de download a prezent\u0103rilor sus\u0163inute \u00een cadrul evenimentului<\/li>\n<li>Networking cu partenerii potrivi\u0163i pentru afacerea dumneavoastr\u0103<\/li>\n<li>Lunch &amp; wine<\/li>\n<\/ul>\n<p><strong>** Renuntarea la participare se face prin notificare scrisa, pana la data de 20 februarie 2026. In cazul \u00een care anularea se face p\u00e2na la data de 20 februarie 2026, sumele platite vor fi returnate, mai putin 35%, reprezent\u00e2nd cheltuielile administrative.<\/strong><\/p>\n<\/div>\n<div><strong>In cazul \u00een care anularea se primeste dupa data de 20 februarie 2026, sumele platite nu vor fi returnate.<\/strong><\/div>\n<div><\/div>\n<div>\n<hr \/>\n<p>Prin inscrierea la eveniment va dati acordul folosirii datelor dumneavoastra in scopul invitarii la evenimentele ulterioare organizate de Ziarul Financiar, Business Magazin, alte branduri din portofoliul Businessmex SA sau parteneri ai acestora si de a primi oferte la produsele si abonamentele Businessmex SA.<\/p>\n<\/div>\n","protected":false},"excerpt":{"rendered":"<p style=\"font-weight: 400;\">\u00cen 2026, Ziarul Financiar organizeaz\u0103 cea de-a 15-a edi\u0163ie a ZF Power Summit, cel mai important eveniment conceput de Ziarul Financiar \u015fi dedicat \u00een exclusivitate pie\u0163ei de energie. De 15 ani de zile, ZF Power Summit este o tradi\u0163ie a dialogului deschis speciali\u015ftilor de aici \u015fi de peste grani\u0163e.<\/p>\n<p>ZF Power Summit 2026<br \/>\nTrei zile.<br \/>\nTotul despre energie<\/p>\n","protected":false},"featured_media":0,"template":"","meta":[],"product_brand":[31],"product_cat":[17],"product_tag":[18,33],"class_list":{"0":"post-804","1":"product","2":"type-product","3":"status-publish","5":"product_brand-evenimente-zf","6":"product_cat-zf-power-summit","7":"product_tag-conferinte","8":"product_tag-zf-bankers-summit","10":"first","11":"instock","12":"virtual","13":"purchasable","14":"product-type-simple"},"_links":{"self":[{"href":"https:\/\/payment.m.ro\/mfg\/index.php?rest_route=\/wp\/v2\/product\/804","targetHints":{"allow":["GET"]}}],"collection":[{"href":"https:\/\/payment.m.ro\/mfg\/index.php?rest_route=\/wp\/v2\/product"}],"about":[{"href":"https:\/\/payment.m.ro\/mfg\/index.php?rest_route=\/wp\/v2\/types\/product"}],"wp:attachment":[{"href":"https:\/\/payment.m.ro\/mfg\/index.php?rest_route=%2Fwp%2Fv2%2Fmedia&parent=804"}],"wp:term":[{"taxonomy":"product_brand","embeddable":true,"href":"https:\/\/payment.m.ro\/mfg\/index.php?rest_route=%2Fwp%2Fv2%2Fproduct_brand&post=804"},{"taxonomy":"product_cat","embeddable":true,"href":"https:\/\/payment.m.ro\/mfg\/index.php?rest_route=%2Fwp%2Fv2%2Fproduct_cat&post=804"},{"taxonomy":"product_tag","embeddable":true,"href":"https:\/\/payment.m.ro\/mfg\/index.php?rest_route=%2Fwp%2Fv2%2Fproduct_tag&post=804"}],"curies":[{"name":"wp","href":"https:\/\/api.w.org\/{rel}","templated":true}]}}