{"id":794,"date":"2025-12-18T08:10:42","date_gmt":"2025-12-18T06:10:42","guid":{"rendered":"https:\/\/payment.m.ro\/mfg\/?post_type=product&#038;p=794"},"modified":"2025-12-18T08:16:11","modified_gmt":"2025-12-18T06:16:11","slug":"anuarul-top-100-cele-mai-valoroase-companii-din-romania-2025","status":"publish","type":"product","link":"https:\/\/payment.m.ro\/mfg\/?product=anuarul-top-100-cele-mai-valoroase-companii-din-romania-2025","title":{"rendered":"Anuarul Top 100 cele mai valoroase companii din Romania 2025"},"content":{"rendered":"<p>La a 20-a edi\u021bie a anuarului Top 100 cele mai valoroase companii din Rom\u00e2nia, f\u0103r\u0103 \u00eendoial\u0103 c\u0103 este necesar\u0103 o evaluare a acestui proiect editorial, pornind chiar de la ra\u021biunea pentru care a fost construit \u00een anul 2005. La momentul respectiv a contat foarte mult \u0219i faptul c\u0103 Ziarul Financiar, aflat atunci \u00een stabilirea unei structuri complete, inclusiv la nivelul publica\u021biilor de tip supliment sau anuar, cerea un produs-far care s\u0103 \u00eel \u00eenso\u021beasc\u0103 anual \u00een dezvoltarea sa. \u00cen primii ani, au existat \u00eencerc\u0103ri de a marca aniversarea apari\u021biei Ziarului Financiar, din noiembrie 1998, prin diverse tipuri de topuri \u0219i evalu\u0103ri ale progresului anual realizat de mediul de business. \u00cen anul anterior, 2004, la \u00eemplinirea a \u0219ase ani de la lansarea Ziarului Financiar, \u201eTop 100 valoroase\u201c a fost precedat de un alt anuar, construit pornind de la nevoia de a vedea cum arat\u0103 viitorul. \u201eRom\u00e2nia 2010\u201c s-a numit acel anuar, publicat \u00een noiembrie 2004, care propunea o gril\u0103 a celor mai vizionari oameni de afaceri din Rom\u00e2nia \u0219i a celor mai vizionare companii. Ideea acelui anuar, Rom\u00e2nia 2010, era ca la \u0219ase ani de la lansarea Ziarului Financiar s\u0103 ne imagin\u0103m cum arat\u0103 urm\u0103torii \u0219ase ani, deci Rom\u00e2nia anului 2010. Au rezultat dou\u0103 topuri \u2013 Top 100 companii vizionare \u0219i Top 100 oameni de afaceri\/executivi vizionari, vota\u021bi chiar de c\u00e2teva sute de reprezentan\u021bi ai celor mai importante companii din perioada respectiv\u0103. Primii zece oameni de afaceri \u0219i primele zece companii considerate ca vizionare au fost prezentate in extenso, \u0219i este interesant c\u0103 o mare parte dintre companiile prezente \u00een top \u0219i dintre oamenii de afaceri vota\u021bi chiar sunt \u0219i ast\u0103zi pe primele locuri \u00een business. Ce nu a v\u0103zut nimeni atunci, \u00een 2004, a fost venirea crizei din 2009. \u00cen rest, tendin\u021bele din acel anuar \u2013 dezvoltarea re\u021belelor medicale private, a cartierelor reziden\u021biale, a comer\u021bului electronic \u2013 au prins form\u0103 \u00een realitate \u00een urm\u0103toarele decenii. Dup\u0103 provocarea de a vedea viitorul, \u00een urm\u0103torul an Ziarul Financiar a lansat Top 100 companii valoroase, \u00eempreun\u0103 cu casa de investi\u021bii Capital Partners, care era atunci independent\u0103. \u00centre timp, aceasta a intrat \u00een componen\u021ba grupului B\u0103ncii Transilvania, iar evaluarea b\u0103ncilor este f\u0103cut\u0103, de la acel moment, de compania de evaluare Veridio. Un rol esen\u021bial \u00een realizarea anuarului \u0219i \u00een construc\u021bia acestui proiect l-a avut bancherul Doru Lion\u0103chescu, \u00een acel moment managing partner al casei de investi\u021bii Capital Partners. Fost, la r\u00e2ndul s\u0103u, jurnalist de business, a spus \u201eda\u201c \u00een secunda doi acestui proiect. Interesant este \u0219i faptul c\u0103 primii anali\u0219ti care au lucrat la Top 100 valoroase, Victor C\u0103pitanu \u0219i Andrei Diaconescu, au reu\u0219it s\u0103 construiasc\u0103 \u00eentre timp o companie de real estate, One United, care a ajuns s\u0103 fie inclus\u0103 \u00een Top 100 cele mai valoroase companii din Rom\u00e2nia. Probabil c\u0103 sunt pu\u021bine \u021b\u0103ri \u00een lume care s\u0103 ofere o astfel de oportunitate. Evaluarea celor mai valoroase companii din Rom\u00e2nia \u0219i premierea primelor zece sunt \u00een fiecare an o provocare, pentru c\u0103 valorile ajung s\u0103 se verifice \u00een tranzac\u021bii. La r\u00e2ndul lor, valorile tranzac\u021biilor determin\u0103 schimb\u0103ri \u00een evaluarea companiilor. Cel mai important indicator este \u00eens\u0103 cel al pie\u021bei de capital. Capitalizarea bursier\u0103 a companiilor \u0219i b\u0103ncilor distileaz\u0103 zi de zi toate informa\u021biile, at\u00e2t cele care privesc \u00een mod direct compania, c\u00e2t \u0219i cele de context de business \u0219i fiscal. Din acest punct de vedere, este un progres extraordinar faptul c\u0103 ast\u0103zi cinci din primele zece companii valoroase din Rom\u00e2nia sunt listate la burs\u0103, fa\u021b\u0103 de doar dou\u0103 la momentul apari\u021biei topului. Aceasta \u00eenseamn\u0103 \u00eentr-un fel \u201ecapitalismul democratic\u201c, faptul c\u0103 to\u021bi actorii businessului pot participa \u0219i beneficia de cre\u0219terea valorii. De asemenea, apari\u021bia fondurilor de pensii private, dinamica fondurilor mutuale \u0219i a investi\u021biilor \u00een general la burs\u0103 au contribuit din plin la crearea unui nou context al pie\u021bei de capital locale. Oric\u00e2t de complex ar fi, un produs media nu poate surprinde cu adev\u0103rat dinamica \u0219i frumuse\u021bea businessului, care transform\u0103 de fapt lumea. TOP 100 valoroase a \u00eencercat s\u0103 fie o oglind\u0103 c\u00e2t mai pu\u021bin distorsionat\u0103 a afacerilor autohtone \u00een timpul ultimelor dou\u0103 decenii care au schimbat complet economia \u0219i societatea rom\u00e2neasc\u0103, iar dac\u0103 a \u0219i reu\u0219it, dumneavoastr\u0103, cititorii, trebuie s\u0103 decide\u021bi.<\/p>\n<p><strong>Sorin P\u00e2slaru, redactor-\u0219ef Ziarul Financiar <\/strong><\/p>\n<p>Mai multe detalii pute\u0163i citi \u00een Anuarul <strong>ZF<\/strong> TOP 100 CELE MAI VALOROASE COMPANII \u00een 2025.<\/p>\n<hr \/>\n<p>Edi\u0163iile print sunt valabile \u00een limita stocului disponibil. \u00cen cazul \u00een care stocul se epuizeaz\u0103 va fi livrat\u0103 edi\u0163ia electronic\u0103.<\/p>\n<p>Comand\u0103 anuarul mai jos la pre\u0163ul de 550 de lei, TVA inclus.<\/p>\n<p>Pentru abonamente ZF, v\u0103 rug\u0103m contacta\u0163i-ne la adresa de e-mail claudia.mirt@m.ro.<\/p>\n","protected":false},"excerpt":{"rendered":"<p>La a 20-a edi\u021bie a anuarului Top 100 cele mai valoroase companii din Rom\u00e2nia, f\u0103r\u0103 \u00eendoial\u0103 c\u0103 este necesar\u0103 o evaluare a acestui proiect editorial, pornind chiar de la ra\u021biunea pentru care a fost construit \u00een anul 2005. La momentul respectiv a contat foarte mult \u0219i faptul c\u0103 Ziarul Financiar, aflat atunci \u00een stabilirea unei structuri complete, inclusiv la nivelul publica\u021biilor de tip supliment sau anuar, cerea un produs-far care s\u0103 \u00eel \u00eenso\u021beasc\u0103 anual \u00een dezvoltarea sa.<\/p>\n","protected":false},"featured_media":795,"template":"","meta":[],"product_brand":[27],"product_cat":[50],"product_tag":[49,48],"class_list":{"0":"post-794","1":"product","2":"type-product","3":"status-publish","4":"has-post-thumbnail","6":"product_brand-ziarul-financiar","7":"product_cat-anuare-zf","8":"product_tag-dupa-afaceri-premium","9":"product_tag-supliment-zf","11":"first","12":"instock","13":"shipping-taxable","14":"purchasable","15":"product-type-simple"},"_links":{"self":[{"href":"https:\/\/payment.m.ro\/mfg\/index.php?rest_route=\/wp\/v2\/product\/794","targetHints":{"allow":["GET"]}}],"collection":[{"href":"https:\/\/payment.m.ro\/mfg\/index.php?rest_route=\/wp\/v2\/product"}],"about":[{"href":"https:\/\/payment.m.ro\/mfg\/index.php?rest_route=\/wp\/v2\/types\/product"}],"wp:featuredmedia":[{"embeddable":true,"href":"https:\/\/payment.m.ro\/mfg\/index.php?rest_route=\/wp\/v2\/media\/795"}],"wp:attachment":[{"href":"https:\/\/payment.m.ro\/mfg\/index.php?rest_route=%2Fwp%2Fv2%2Fmedia&parent=794"}],"wp:term":[{"taxonomy":"product_brand","embeddable":true,"href":"https:\/\/payment.m.ro\/mfg\/index.php?rest_route=%2Fwp%2Fv2%2Fproduct_brand&post=794"},{"taxonomy":"product_cat","embeddable":true,"href":"https:\/\/payment.m.ro\/mfg\/index.php?rest_route=%2Fwp%2Fv2%2Fproduct_cat&post=794"},{"taxonomy":"product_tag","embeddable":true,"href":"https:\/\/payment.m.ro\/mfg\/index.php?rest_route=%2Fwp%2Fv2%2Fproduct_tag&post=794"}],"curies":[{"name":"wp","href":"https:\/\/api.w.org\/{rel}","templated":true}]}}