{"id":780,"date":"2025-12-08T13:04:04","date_gmt":"2025-12-08T11:04:04","guid":{"rendered":"https:\/\/payment.m.ro\/mfg\/?post_type=product&#038;p=780"},"modified":"2025-12-08T13:09:26","modified_gmt":"2025-12-08T11:09:26","slug":"supliment-zf-dupa-afaceri-premium-decembrie-2025","status":"publish","type":"product","link":"https:\/\/payment.m.ro\/mfg\/?product=supliment-zf-dupa-afaceri-premium-decembrie-2025","title":{"rendered":"Supliment ZF &#8211; Dup\u0103 Afaceri Premium \u2013 decembrie 2025"},"content":{"rendered":"<div>\n<p>Ho ho ho\u2026<\/p>\n<p>Acum c\u00e2\u021biva ani, mi-am propus ca \u00een decurs de 12 luni s\u0103 nu \u00eemi cump\u0103r mai mult de cinci piese vestimentare. Citisem c\u0103 e un num\u0103r suficient de mare c\u00e2t s\u0103 nu fii descurajat total, dar suficient de mic c\u00e2t s\u0103 nu por\u021bi prea mult\u0103 greutate pe umeri c\u00e2nd vine vorba de poluarea de care e\u0219ti responsabil. E mult, e pu\u021bin, nu \u0219tiu. Cert e c\u0103, teoretic, am reu\u0219it s\u0103 m\u0103 \u00eencadrez, s\u0103 m\u0103 \u021bin cu din\u021bii de acest prag. De ce zic teoretic? Pentru c\u0103 eu \u2013 personal \u2013 nu mi-am cump\u0103rat dec\u00e2t cinci produse. Dar partenerul meu a compensat. De fiecare dat\u0103 c\u00e2nd vedeam ceva ce \u00eemi pl\u0103cea (mult) \u0219i refuzam s\u0103 pun obiectul \u00een co\u0219, cumva, \u00eel primeam cadou. A\u0219a se face c\u0103, teoretic, au fost cinci. Practic au fost&#8230; mai multe. Mi-am amintit de situa\u021bia asta pentru c\u0103 e sezonul cadourilor, iar membrii echipei Dup\u0103 Afaceri Premium au conturat o serie de sugestii, daruri pe care le aveau pe propriile liste \u0219i pe care le-au \u00eemp\u0103rt\u0103\u0219it cu cititorii no\u0219tri. Iar c\u00e2nd a venit r\u00e2ndul meu s\u0103 fac asta, mi-am dat seama c\u0103 trebuie s\u0103 o iau chiar de la zero pentru c\u0103 nu am nimic salvat. Nu am nimic pe lista mea. Or, asta m-a bucurat. E posibil s\u0103 \u00eemi fi fugit \u00eentre timp ochii dup\u0103 unele obiecte de-ale colegilor sau chiar selectate de mine, pe care le ve\u021bi descoperi \u00een aceast\u0103 edi\u021bie, dar dac\u0103 nu sunt salvate nic\u0103ieri, atunci sunt eu salvat\u0103!:) Or, m\u0103car a\u0219a sper, pentru c\u0103 \u00een contul lui 2026 mi-am setat o \u021bint\u0103 \u0219i mai ambi\u021bioas\u0103. Unii ar zice chiar c\u0103 \u00een urm\u0103torul film din seria Misiune Imposibil\u0103 a\u0219 putea s\u0103 joc eu. O s\u0103 \u00eencerc s\u0103 nu \u00eemi cump\u0103r nimic nou \u00een anul care vine \u2013 nicio geant\u0103, nicio pereche de pantofi, nici pies\u0103 vestimentar\u0103. \u0218i nici nu o s\u0103 las s\u0103 se vad\u0103 dup\u0103 ce anume suspin, ca s\u0103 nu mai tri\u0219ez la num\u0103r\u0103toare. Mai sunt \u00eens\u0103 ni\u0219te zile p\u00e2n\u0103 la 1 ianuarie, a\u0219a c\u0103 \u00een timp ce fac cump\u0103r\u0103turile pentru cei dragi e posibil s\u0103 mai fac o ultim\u0103 extravagan\u021b\u0103 \u0219i \u00een contul meu. Ceea ce v\u0103 recomand \u0219i vou\u0103, dat fiind c\u0103 dup\u0103 un an ca 2025 poate sim\u021bi\u021bi nevoia s\u0103 v\u0103 premia\u021bi. Dac\u0103 \u0219i voi, ca \u0219i mine, nu ave\u021bi deja o list\u0103 de poten\u021biale daruri pentru sine, v\u0103 invit s\u0103 descoperi\u021bi \u00een paginile revistei mai bine de 100 de propuneri. Tot a\u0219a, ca de s\u0103rb\u0103tori, am selectat \u0219i o serie de locuri noi din ora\u0219 &#8211; de la restaurante la spa\u021bii de art\u0103 -, o serie de destina\u021bii pe care s\u0103 le pune\u021bi pe list\u0103 \u00een 2026 \u0219i un \u0219ir lung de tendin\u021be \u2013 de la cum s\u0103 amenajezi masa de s\u0103rb\u0103tori la cum s\u0103 alegi cozonacul ori p\u00e2inea potrivite. Pentru c\u0103, la fel ca de fiecare dat\u0103, sper\u0103m s\u0103 v\u0103 inspir\u0103m pe c\u00e2t mai multe planuri. A\u0219adar, \u00een concluzia ultimului editorial din 2025, lectur\u0103 pl\u0103cut\u0103, cadouri inspirate \u0219i s\u0103rb\u0103tori cu bine! Ne vedem \u00een 2026.<\/p>\n<\/div>\n<div><strong><em>Cristina Ro\u015fca,<\/em><\/strong><br \/>\n<strong><em>Editor-\u015fef Dup\u0103 Afaceri Premium<\/em><\/strong><\/div>\n<p>Mai multe detalii pute\u0163i citi \u00een cel mai nou num\u0103r din Dup\u0103 Afaceri Premium.<\/p>\n<p><em><strong>Edi\u0163iile print sunt valabile \u00een limita stocului disponibil. \u00cen cazul \u00een care stocul se epuizeaz\u0103 va fi livrat\u0103 edi\u0163ia electronic\u0103.<\/strong><\/em><\/p>\n<p>Comand\u0103 Suplimentul Dup\u0103 Afaceri Premium mai jos la pre\u0163ul de 55 de lei, TVA inclus.<\/p>\n<p>Pentru abonamente ZF, v\u0103 rug\u0103m contacta\u0163i-ne la adresa de e-mail claudia.mirt@m.ro.<\/p>\n","protected":false},"excerpt":{"rendered":"<p>Ho ho ho\u2026<\/p>\n<p>Acum c\u00e2\u021biva ani, mi-am propus ca \u00een decurs de 12 luni s\u0103 nu \u00eemi cump\u0103r mai mult de cinci piese vestimentare. Citisem c\u0103 e un num\u0103r suficient de mare c\u00e2t s\u0103 nu fii descurajat total, dar suficient de mic c\u00e2t s\u0103 nu por\u021bi prea mult\u0103 greutate pe umeri c\u00e2nd vine vorba de poluarea de care e\u0219ti responsabil.<\/p>\n","protected":false},"featured_media":782,"template":"","meta":[],"product_brand":[27],"product_cat":[47],"product_tag":[49,48],"class_list":{"0":"post-780","1":"product","2":"type-product","3":"status-publish","4":"has-post-thumbnail","6":"product_brand-ziarul-financiar","7":"product_cat-supliment-zf","8":"product_tag-dupa-afaceri-premium","9":"product_tag-supliment-zf","11":"first","12":"instock","13":"shipping-taxable","14":"purchasable","15":"product-type-simple"},"_links":{"self":[{"href":"https:\/\/payment.m.ro\/mfg\/index.php?rest_route=\/wp\/v2\/product\/780","targetHints":{"allow":["GET"]}}],"collection":[{"href":"https:\/\/payment.m.ro\/mfg\/index.php?rest_route=\/wp\/v2\/product"}],"about":[{"href":"https:\/\/payment.m.ro\/mfg\/index.php?rest_route=\/wp\/v2\/types\/product"}],"wp:featuredmedia":[{"embeddable":true,"href":"https:\/\/payment.m.ro\/mfg\/index.php?rest_route=\/wp\/v2\/media\/782"}],"wp:attachment":[{"href":"https:\/\/payment.m.ro\/mfg\/index.php?rest_route=%2Fwp%2Fv2%2Fmedia&parent=780"}],"wp:term":[{"taxonomy":"product_brand","embeddable":true,"href":"https:\/\/payment.m.ro\/mfg\/index.php?rest_route=%2Fwp%2Fv2%2Fproduct_brand&post=780"},{"taxonomy":"product_cat","embeddable":true,"href":"https:\/\/payment.m.ro\/mfg\/index.php?rest_route=%2Fwp%2Fv2%2Fproduct_cat&post=780"},{"taxonomy":"product_tag","embeddable":true,"href":"https:\/\/payment.m.ro\/mfg\/index.php?rest_route=%2Fwp%2Fv2%2Fproduct_tag&post=780"}],"curies":[{"name":"wp","href":"https:\/\/api.w.org\/{rel}","templated":true}]}}