{"id":410,"date":"2025-04-28T13:42:23","date_gmt":"2025-04-28T11:42:23","guid":{"rendered":"https:\/\/payment.m.ro\/mfg\/?post_type=product&#038;p=410"},"modified":"2025-04-28T13:47:04","modified_gmt":"2025-04-28T11:47:04","slug":"fee-conferinta-3-zile-zf-bankers-summit-2025","status":"publish","type":"product","link":"https:\/\/payment.m.ro\/mfg\/?product=fee-conferinta-3-zile-zf-bankers-summit-2025","title":{"rendered":"FEE Conferin\u021b\u0103 3 zile &#8211; ZF Bankers Summit 2025"},"content":{"rendered":"","protected":false},"excerpt":{"rendered":"<p>ZF Bankers Summit edi\u0163ia XIV, cel mai important eveniment din industria bancar\u0103 din Rom\u00e2nia revine din nou pentru edi\u0163ia 2025 \u00eentr-un context geopolitic mai complicat, \u00eentr-un context economic, politic \u015fi social local cu multe provoc\u0103ri. Chiar dac\u0103 pia\u0163a financiar\u0103 este stabil\u0103 \u2013 dob\u00e2nzile nu au mai crescut, cursul valutar a r\u0103mas stabil, salariile au crescut, pia\u0163a are suficient\u0103 lichiditate \u2013 dar cre\u015fterea economic\u0103 a \u00eencetinit. Contextul politic, cu mult\u0103 instabilitate, a dus la o sc\u0103dere a investi\u0163iilor de c\u0103tre companii, o temperare a angaj\u0103rilor, cuv\u00e2ntul de ordine fiind pruden\u0163a p\u00e2n\u0103 la clarificarea situa\u0163iei politice \u015fi sociale locale.<\/p>\n","protected":false},"featured_media":408,"template":"","meta":[],"product_brand":[31],"product_cat":[32],"product_tag":[18,33],"class_list":{"0":"post-410","1":"product","2":"type-product","3":"status-publish","4":"has-post-thumbnail","6":"product_brand-evenimente-zf","7":"product_cat-zf-bankers-summit","8":"product_tag-conferinte","9":"product_tag-zf-bankers-summit","11":"first","12":"instock","13":"virtual","14":"purchasable","15":"product-type-simple"},"_links":{"self":[{"href":"https:\/\/payment.m.ro\/mfg\/index.php?rest_route=\/wp\/v2\/product\/410","targetHints":{"allow":["GET"]}}],"collection":[{"href":"https:\/\/payment.m.ro\/mfg\/index.php?rest_route=\/wp\/v2\/product"}],"about":[{"href":"https:\/\/payment.m.ro\/mfg\/index.php?rest_route=\/wp\/v2\/types\/product"}],"wp:featuredmedia":[{"embeddable":true,"href":"https:\/\/payment.m.ro\/mfg\/index.php?rest_route=\/wp\/v2\/media\/408"}],"wp:attachment":[{"href":"https:\/\/payment.m.ro\/mfg\/index.php?rest_route=%2Fwp%2Fv2%2Fmedia&parent=410"}],"wp:term":[{"taxonomy":"product_brand","embeddable":true,"href":"https:\/\/payment.m.ro\/mfg\/index.php?rest_route=%2Fwp%2Fv2%2Fproduct_brand&post=410"},{"taxonomy":"product_cat","embeddable":true,"href":"https:\/\/payment.m.ro\/mfg\/index.php?rest_route=%2Fwp%2Fv2%2Fproduct_cat&post=410"},{"taxonomy":"product_tag","embeddable":true,"href":"https:\/\/payment.m.ro\/mfg\/index.php?rest_route=%2Fwp%2Fv2%2Fproduct_tag&post=410"}],"curies":[{"name":"wp","href":"https:\/\/api.w.org\/{rel}","templated":true}]}}