{"id":326,"date":"2025-03-11T14:11:37","date_gmt":"2025-03-11T12:11:37","guid":{"rendered":"https:\/\/payment.m.ro\/mfg\/?post_type=product&#038;p=326"},"modified":"2026-01-05T11:07:57","modified_gmt":"2026-01-05T09:07:57","slug":"abonament-zf-editia-print-student-3-luni","status":"publish","type":"product","link":"https:\/\/payment.m.ro\/mfg\/?product=abonament-zf-editia-print-student-3-luni","title":{"rendered":"Abonament ZF (editia print) &#8211; student &#8211; 3 luni"},"content":{"rendered":"","protected":false},"excerpt":{"rendered":"<ul style=\"font-weight: 400;\">\n<li><strong>edi\u0163ia tip\u0103rit\u0103 sau digitala a Ziarului Financiar (250 edi\u0163ii\/an)<\/strong><\/li>\n<li><strong>suplimente tematice si anuarele ZF, print sau digital, printre care si:<\/strong>\n<ul>\n<li>Top 1000 cele mai mari companii din Romania<\/li>\n<li>Cei mai mari juc\u0103tori din economie<\/li>\n<li>Top 100 cele mai valoroase companii din Rom\u00e2nia<\/li>\n<\/ul>\n<\/li>\n<\/ul>\n","protected":false},"featured_media":330,"template":"","meta":[],"product_brand":[27],"product_cat":[26],"product_tag":[28,30,29],"class_list":{"0":"post-326","1":"product","2":"type-product","3":"status-publish","4":"has-post-thumbnail","6":"product_brand-ziarul-financiar","7":"product_cat-abonamente-zf-bm","8":"product_tag-abonamente","9":"product_tag-bm","10":"product_tag-zf","12":"first","13":"instock","14":"shipping-taxable","15":"purchasable","16":"product-type-simple"},"_links":{"self":[{"href":"https:\/\/payment.m.ro\/mfg\/index.php?rest_route=\/wp\/v2\/product\/326","targetHints":{"allow":["GET"]}}],"collection":[{"href":"https:\/\/payment.m.ro\/mfg\/index.php?rest_route=\/wp\/v2\/product"}],"about":[{"href":"https:\/\/payment.m.ro\/mfg\/index.php?rest_route=\/wp\/v2\/types\/product"}],"wp:featuredmedia":[{"embeddable":true,"href":"https:\/\/payment.m.ro\/mfg\/index.php?rest_route=\/wp\/v2\/media\/330"}],"wp:attachment":[{"href":"https:\/\/payment.m.ro\/mfg\/index.php?rest_route=%2Fwp%2Fv2%2Fmedia&parent=326"}],"wp:term":[{"taxonomy":"product_brand","embeddable":true,"href":"https:\/\/payment.m.ro\/mfg\/index.php?rest_route=%2Fwp%2Fv2%2Fproduct_brand&post=326"},{"taxonomy":"product_cat","embeddable":true,"href":"https:\/\/payment.m.ro\/mfg\/index.php?rest_route=%2Fwp%2Fv2%2Fproduct_cat&post=326"},{"taxonomy":"product_tag","embeddable":true,"href":"https:\/\/payment.m.ro\/mfg\/index.php?rest_route=%2Fwp%2Fv2%2Fproduct_tag&post=326"}],"curies":[{"name":"wp","href":"https:\/\/api.w.org\/{rel}","templated":true}]}}