{"id":321,"date":"2025-03-11T09:29:13","date_gmt":"2025-03-11T07:29:13","guid":{"rendered":"https:\/\/payment.m.ro\/mfg\/?post_type=product&#038;p=321"},"modified":"2025-12-31T18:19:25","modified_gmt":"2025-12-31T16:19:25","slug":"abonament-zf-digital-bm-print-zona-transilvania-12-luni","status":"publish","type":"product","link":"https:\/\/payment.m.ro\/mfg\/?product=abonament-zf-digital-bm-print-zona-transilvania-12-luni","title":{"rendered":"Abonament ZF Digital + BM Print (zona Transilvania) &#8211; 12 luni"},"content":{"rendered":"","protected":false},"excerpt":{"rendered":"<p><strong>&#8211; pachetul nu include edi\u0163ia tip\u0103rit\u0103 a ZF, ci acces la\u00a0<a href=\"http:\/\/edition.pagesuite.com\/html5\/reader\/production\/default.aspx?pubname=&amp;edid=40ad302b-d21e-481d-918a-dcc753f6f8ea\" target=\"_blank\" rel=\"noopener\">edi\u0163ia e-paper<\/a>\u00a0pentru 1 utilizator<\/strong><br \/>\n<strong>&#8211; Revista Business Magazin se livreaz\u0103 \u00een format print<\/strong><\/p>\n","protected":false},"featured_media":312,"template":"","meta":[],"product_brand":[27],"product_cat":[26],"product_tag":[28,30,29],"class_list":{"0":"post-321","1":"product","2":"type-product","3":"status-publish","4":"has-post-thumbnail","6":"product_brand-ziarul-financiar","7":"product_cat-abonamente-zf-bm","8":"product_tag-abonamente","9":"product_tag-bm","10":"product_tag-zf","12":"first","13":"instock","14":"shipping-taxable","15":"purchasable","16":"product-type-simple"},"_links":{"self":[{"href":"https:\/\/payment.m.ro\/mfg\/index.php?rest_route=\/wp\/v2\/product\/321","targetHints":{"allow":["GET"]}}],"collection":[{"href":"https:\/\/payment.m.ro\/mfg\/index.php?rest_route=\/wp\/v2\/product"}],"about":[{"href":"https:\/\/payment.m.ro\/mfg\/index.php?rest_route=\/wp\/v2\/types\/product"}],"wp:featuredmedia":[{"embeddable":true,"href":"https:\/\/payment.m.ro\/mfg\/index.php?rest_route=\/wp\/v2\/media\/312"}],"wp:attachment":[{"href":"https:\/\/payment.m.ro\/mfg\/index.php?rest_route=%2Fwp%2Fv2%2Fmedia&parent=321"}],"wp:term":[{"taxonomy":"product_brand","embeddable":true,"href":"https:\/\/payment.m.ro\/mfg\/index.php?rest_route=%2Fwp%2Fv2%2Fproduct_brand&post=321"},{"taxonomy":"product_cat","embeddable":true,"href":"https:\/\/payment.m.ro\/mfg\/index.php?rest_route=%2Fwp%2Fv2%2Fproduct_cat&post=321"},{"taxonomy":"product_tag","embeddable":true,"href":"https:\/\/payment.m.ro\/mfg\/index.php?rest_route=%2Fwp%2Fv2%2Fproduct_tag&post=321"}],"curies":[{"name":"wp","href":"https:\/\/api.w.org\/{rel}","templated":true}]}}