{"id":315,"date":"2025-03-11T09:10:05","date_gmt":"2025-03-11T07:10:05","guid":{"rendered":"https:\/\/payment.m.ro\/mfg\/?post_type=product&#038;p=315"},"modified":"2025-12-31T18:18:06","modified_gmt":"2025-12-31T16:18:06","slug":"abonament-zf-print-bm-print-3-luni","status":"publish","type":"product","link":"https:\/\/payment.m.ro\/mfg\/?product=abonament-zf-print-bm-print-3-luni","title":{"rendered":"Abonament ZF Print + BM Print &#8211; 3 luni"},"content":{"rendered":"","protected":false},"excerpt":{"rendered":"<p class=\"economii\"><strong>Economise\u015fti\u00a0<span style=\"color: #ba0404;\">87%<\/span>\u00a0din valoarea total\u0103 a pachetului<\/strong><\/p>\n<p><strong>&#8211; edi\u0163ia tip\u0103rit\u0103 a Ziarului Financiar* (250 edi\u0163ii\/an)<\/strong><br \/>\n<strong>&#8211; edi\u0163ia tip\u0103rit\u0103 a Business Magazin (48 edi\u0163ii\/an)<\/strong><br \/>\n<strong>&#8211; peste 30 de suplimente tematice, pe industrii<\/strong><\/p>\n<hr \/>\n<p><strong>&#8211; 14 anuare Ziarul Financiar \u015fi Business Magazin \u00een format print\/e-paper, printre care \u015fi:<\/strong><\/p>\n<p style=\"padding-left: 40px;\">\u2022 Cei mai mari juc\u0103tori din economie<br \/>\n\u2022 Cei mai mari juc\u0103tori din IT \u015fi Telecom<br \/>\n\u2022 Cei mai importan\u0163i 1000 de oameni din business<br \/>\n\u2022 Top 100 cele mai valoroase companii din Rom\u00e2nia<br \/>\n\u2022 Top 100 cei mai admira\u0163i CEO etc<\/p>\n","protected":false},"featured_media":312,"template":"","meta":[],"product_brand":[27],"product_cat":[26],"product_tag":[28,30,29],"class_list":{"0":"post-315","1":"product","2":"type-product","3":"status-publish","4":"has-post-thumbnail","6":"product_brand-ziarul-financiar","7":"product_cat-abonamente-zf-bm","8":"product_tag-abonamente","9":"product_tag-bm","10":"product_tag-zf","12":"first","13":"instock","14":"shipping-taxable","15":"purchasable","16":"product-type-simple"},"_links":{"self":[{"href":"https:\/\/payment.m.ro\/mfg\/index.php?rest_route=\/wp\/v2\/product\/315","targetHints":{"allow":["GET"]}}],"collection":[{"href":"https:\/\/payment.m.ro\/mfg\/index.php?rest_route=\/wp\/v2\/product"}],"about":[{"href":"https:\/\/payment.m.ro\/mfg\/index.php?rest_route=\/wp\/v2\/types\/product"}],"wp:featuredmedia":[{"embeddable":true,"href":"https:\/\/payment.m.ro\/mfg\/index.php?rest_route=\/wp\/v2\/media\/312"}],"wp:attachment":[{"href":"https:\/\/payment.m.ro\/mfg\/index.php?rest_route=%2Fwp%2Fv2%2Fmedia&parent=315"}],"wp:term":[{"taxonomy":"product_brand","embeddable":true,"href":"https:\/\/payment.m.ro\/mfg\/index.php?rest_route=%2Fwp%2Fv2%2Fproduct_brand&post=315"},{"taxonomy":"product_cat","embeddable":true,"href":"https:\/\/payment.m.ro\/mfg\/index.php?rest_route=%2Fwp%2Fv2%2Fproduct_cat&post=315"},{"taxonomy":"product_tag","embeddable":true,"href":"https:\/\/payment.m.ro\/mfg\/index.php?rest_route=%2Fwp%2Fv2%2Fproduct_tag&post=315"}],"curies":[{"name":"wp","href":"https:\/\/api.w.org\/{rel}","templated":true}]}}