{"id":25,"date":"2025-01-22T16:25:08","date_gmt":"2025-01-22T16:25:08","guid":{"rendered":"https:\/\/payment.m.ro\/mfg\/?post_type=product&#038;p=25"},"modified":"2025-03-11T09:04:57","modified_gmt":"2025-03-11T07:04:57","slug":"conferinta-zf-power-summit-2025","status":"publish","type":"product","link":"https:\/\/payment.m.ro\/mfg\/?product=conferinta-zf-power-summit-2025","title":{"rendered":"FEE Conferin\u021b\u0103 1 zi &#8211; ZF Power Summit 2025"},"content":{"rendered":"","protected":false},"excerpt":{"rendered":"<p>ZF Power Summit, cel mai important eveniment conceput de Ziarul Financiar \u015fi dedicat \u00een exclusivitate pie\u0163ei de energie, ajunge anul acesta la cea de-a 14-a edi\u0163ie, \u00eentr-o perioad\u0103 \u00een care tensiunile acumulate \u00een sector par a atinge noi culmi.<\/p>\n<p>Anul trecut, ZF Power Summit a \u00eensemnat 3 zile de eveniment, peste 75 de speakeri \u015fi 20 de ore de transmisie live, peste 250 de participan\u0163i \u00een fiecare zi de conferin\u0163\u0103. Anul acesta, ducem ambi\u0163ia de a avea un eveniment complet mai departe.<\/p>\n","protected":false},"featured_media":26,"template":"","meta":[],"product_brand":[31],"product_cat":[17],"product_tag":[18,19],"class_list":{"0":"post-25","1":"product","2":"type-product","3":"status-publish","4":"has-post-thumbnail","6":"product_brand-evenimente-zf","7":"product_cat-zf-power-summit","8":"product_tag-conferinte","9":"product_tag-zf-power-summit","11":"first","12":"instock","13":"virtual","14":"purchasable","15":"product-type-simple"},"_links":{"self":[{"href":"https:\/\/payment.m.ro\/mfg\/index.php?rest_route=\/wp\/v2\/product\/25","targetHints":{"allow":["GET"]}}],"collection":[{"href":"https:\/\/payment.m.ro\/mfg\/index.php?rest_route=\/wp\/v2\/product"}],"about":[{"href":"https:\/\/payment.m.ro\/mfg\/index.php?rest_route=\/wp\/v2\/types\/product"}],"wp:featuredmedia":[{"embeddable":true,"href":"https:\/\/payment.m.ro\/mfg\/index.php?rest_route=\/wp\/v2\/media\/26"}],"wp:attachment":[{"href":"https:\/\/payment.m.ro\/mfg\/index.php?rest_route=%2Fwp%2Fv2%2Fmedia&parent=25"}],"wp:term":[{"taxonomy":"product_brand","embeddable":true,"href":"https:\/\/payment.m.ro\/mfg\/index.php?rest_route=%2Fwp%2Fv2%2Fproduct_brand&post=25"},{"taxonomy":"product_cat","embeddable":true,"href":"https:\/\/payment.m.ro\/mfg\/index.php?rest_route=%2Fwp%2Fv2%2Fproduct_cat&post=25"},{"taxonomy":"product_tag","embeddable":true,"href":"https:\/\/payment.m.ro\/mfg\/index.php?rest_route=%2Fwp%2Fv2%2Fproduct_tag&post=25"}],"curies":[{"name":"wp","href":"https:\/\/api.w.org\/{rel}","templated":true}]}}