{"id":164,"date":"2025-02-19T08:10:28","date_gmt":"2025-02-19T06:10:28","guid":{"rendered":"https:\/\/payment.m.ro\/mfg\/?post_type=product&#038;p=164"},"modified":"2025-03-12T14:25:42","modified_gmt":"2025-03-12T12:25:42","slug":"fee-conferinta-zf-hr-trends-2025","status":"publish","type":"product","link":"https:\/\/payment.m.ro\/mfg\/?product=fee-conferinta-zf-hr-trends-2025","title":{"rendered":"FEE Conferin\u021b\u0103 &#8211; ZF HR Trends 2025"},"content":{"rendered":"","protected":false},"excerpt":{"rendered":"<p>Ziarul Financiar organizeaz\u0103 ZF HR Trends 2025, cea de-a 19-a edi\u0163ie a evenimentului dedicat resurselor umane, ce reune\u015fte lideri de HR, manageri din marile companii locale, consultan\u0163i \u015fi exper\u0163i \u00een domeniu.<\/p>\n<p>\u00cen condi\u0163iile \u00een care anul 2025 \u00eencepe cu o serie de mari tensiuni, \u00eentr-un context marcat de incertitudine economic\u0103 \u015fi de incertitudine politic\u0103, le revine directorilor de HR sarcina de a p\u0103stra echilibru \u015fi energie \u00een organiza\u0163ii, necesare mai ales \u00een asemenea perioade dificile.<\/p>\n","protected":false},"featured_media":165,"template":"","meta":[],"product_brand":[31],"product_cat":[24],"product_tag":[18,25],"class_list":{"0":"post-164","1":"product","2":"type-product","3":"status-publish","4":"has-post-thumbnail","6":"product_brand-evenimente-zf","7":"product_cat-zf-hr-trends","8":"product_tag-conferinte","9":"product_tag-zf-hr-trends","11":"first","12":"instock","13":"shipping-taxable","14":"purchasable","15":"product-type-simple"},"_links":{"self":[{"href":"https:\/\/payment.m.ro\/mfg\/index.php?rest_route=\/wp\/v2\/product\/164","targetHints":{"allow":["GET"]}}],"collection":[{"href":"https:\/\/payment.m.ro\/mfg\/index.php?rest_route=\/wp\/v2\/product"}],"about":[{"href":"https:\/\/payment.m.ro\/mfg\/index.php?rest_route=\/wp\/v2\/types\/product"}],"wp:featuredmedia":[{"embeddable":true,"href":"https:\/\/payment.m.ro\/mfg\/index.php?rest_route=\/wp\/v2\/media\/165"}],"wp:attachment":[{"href":"https:\/\/payment.m.ro\/mfg\/index.php?rest_route=%2Fwp%2Fv2%2Fmedia&parent=164"}],"wp:term":[{"taxonomy":"product_brand","embeddable":true,"href":"https:\/\/payment.m.ro\/mfg\/index.php?rest_route=%2Fwp%2Fv2%2Fproduct_brand&post=164"},{"taxonomy":"product_cat","embeddable":true,"href":"https:\/\/payment.m.ro\/mfg\/index.php?rest_route=%2Fwp%2Fv2%2Fproduct_cat&post=164"},{"taxonomy":"product_tag","embeddable":true,"href":"https:\/\/payment.m.ro\/mfg\/index.php?rest_route=%2Fwp%2Fv2%2Fproduct_tag&post=164"}],"curies":[{"name":"wp","href":"https:\/\/api.w.org\/{rel}","templated":true}]}}