{"id":1277,"date":"2026-04-02T06:52:30","date_gmt":"2026-04-02T04:52:30","guid":{"rendered":"https:\/\/payment.m.ro\/mfg\/?post_type=product&#038;p=1277"},"modified":"2026-04-02T06:55:51","modified_gmt":"2026-04-02T04:55:51","slug":"anuarul-zf-energie-2026","status":"publish","type":"product","link":"https:\/\/payment.m.ro\/mfg\/?product=anuarul-zf-energie-2026","title":{"rendered":"Anuarul ZF ENERGIE 2026"},"content":{"rendered":"<p><strong>Recapitularea unei crize<\/strong><\/p>\n<p>Criza din Orientul Mijlociu este \u00een plin\u0103 desf\u0103\u0219urare la momentul \u00een care pleac\u0103 \u00een tipar aceast\u0103 a 15-a edi\u021bie a Anuarului ZF Energie (31 martie), dar con\u021binutul acestui proiect cred c\u0103 va r\u0103m\u00e2ne relevant indiferent de deznod\u0103m\u00e2ntul pe care to\u021bi ni-l dorim c\u00e2t mai rapid.<\/p>\n<p>Dac\u0103 mai avea cineva un semn de \u00eentrebare privind tranzi\u021bia energetic\u0103, acest semn de \u00eentrebare ar trebuie s\u0103 se transforme \u00eentr-o certitudine. Tranzi\u021bia nu este despre o dorin\u021b\u0103 de a deveni verzi, ci despre acces sigur la resursele f\u0103r\u0103 de care economiile europene nu pot func\u021biona. Una dintre principalele diferen\u021be dintre izbucnirea r\u0103zboiului din Ucraina \u0219i criza din Orientul Mijlociu este evolu\u021bia pre\u021bului la energia electric\u0103. La acel moment, scumpirea masiv\u0103 a gazului natural s-a v\u0103zut imediat \u00een pre\u021bul electricit\u0103\u021bii. De data aceasta, lucrurile nu au stat la fel, iar scumpirea energiei \u00een contextul dubl\u0103rii pre\u021bului la gazul natural s-a limitat pentru moment la un salt de 20-30%. De ce? Pentru c\u0103 \u00een aceast\u0103 perioad\u0103 ponderea energiei verzi \u00een mixul de energie a ajuns la circa 50%. Ce \u00eenseamn\u0103 acest lucru? C\u0103 o parte din produc\u021bia de energie care se baza pe gaze a fost dislocat\u0103 de eoliene sau solare, de prosumatori. Mai departe care este impactul? C\u0103 gazul scump \u00eenchide \u00een mai pu\u021bine intervale pia\u021ba, iar asta se vede \u00een pre\u021b.<\/p>\n<p>DAR, \u00een timp ce produc\u021bia de energie a \u00eenregistrat o schimbare, partea de consum r\u0103m\u00e2ne \u00een multe domenii dependent\u0103 de resursele fosile pe care UE nu le are \u0219i nu le va avea vreodat\u0103. Cu miliarde de euro injectate \u00een importuri de echipamente solare din China, electrificarea economiilor europene, a transporturilor, a \u00eenc\u0103lzirii r\u0103m\u00e2ne un mit unde se bate pasul pe loc de un deceniu. Gazul este peste 20% din energia primar\u0103 pe care o consum\u0103 UE, consumul de gaz chiar a crescut anul trecut, peste 90% din gazul consumat este importat, iar pentru casnici gazul este cea mai important\u0103 surs\u0103 de energie.<\/p>\n<p>Iar acum, \u00een contextul \u00een care conflictul din Orientul Mijlociu se prelunge\u015fte, gazul se scumpe\u015fte din nou masiv, iar miile de MW \u00een eoliene \u015fi solare montate nu conteaz\u0103 la fel de mult pentru c\u0103 cet\u0103\u0163eanul european conduce ma\u015fini diesel, se \u00eenc\u0103lze\u015fte cu gaze, iar industria european\u0103 este aproape la fel de electrificat\u0103 ca acum un deceniu. Pe zona de \u00eengr\u0103\u015f\u0103minte de exemplu, Rusia este cel mai mare furnizor extern al UE, \u00een contextul \u00een care 70% din \u00eengr\u0103\u015f\u0103minte este reprezentat de gaze. Paradoxul este suprem pentru c\u0103 \u00een timp ce UE a interzis importurile de gaze ruse\u015fti, pentru a-\u015fi crea o dependen\u0163\u0103 de LNG-ul american, ia cu dou\u0103 m\u00e2ini \u00eengr\u0103\u015f\u0103minte ruse\u015fti pentru c\u0103 sunt mai ieftine.<\/p>\n<p>Aici este spa\u021biul de lucru pe care UE \u00eel are \u00een fa\u021b\u0103, iar electrificarea este proces cu mult mai complicat dec\u00e2t produc\u021bia de energie verde pentru c\u0103 presupune o schimbare de structur\u0103, de re\u021bele, de industrii, de birocra\u021bi \u00een\u021bepenici. \u0218i nici m\u0103car nu m\u0103 refer la ai no\u0219tri.<\/p>\n<p>\u201dConsumul de combustibili fosili r\u0103m\u00e2ne ridicat deoarece electrificarea, extinderea re\u021belelor \u0219i autorizarea proiectelor regenerabile avanseaz\u0103 prea lent, pe fondul unei birocra\u021bii ridicate \u0219i al unei voin\u021be politice insuficient de ferme \u00een direc\u021bia unei industrii electrificate\u201d, spune Richard Koenig, CEO Enery, \u00eentr-unul dintre interviurile pe care v\u0103 invit s\u0103 le citi\u021bi \u00een aceast\u0103 edi\u021bie a Anuarului ZF Energie.<\/p>\n<p>De la un maraton, UE trebuie s\u0103 treac\u0103 la sprint, de la mii \u0219i mii de pagini de strategii, directive \u0219i reglement\u0103ri, UE trebuie s\u0103 ajung\u0103 la implement\u0103ri. Acel practice you preach devine singura strategie. De fapt a devenit deja. De ieri.<\/p>\n<p><strong>Roxana Petrescu<\/strong><br \/>\n<strong>senior editor, Ziarul Financiar<\/strong><br \/>\n<strong>roxana.petrescu @zf.ro<\/strong><\/p>\n<p>&nbsp;<\/p>\n<hr \/>\n<p>Mai multe detalii pute\u0163i citi \u00een Anuarul <strong>ZF ENERGIE 2026<\/strong><\/p>\n<p>Edi\u0163iile print sunt valabile \u00een limita stocului disponibil. \u00cen cazul \u00een care stocul se epuizeaz\u0103 va fi livrat\u0103 edi\u0163ia electronic\u0103.<\/p>\n<p>Comand\u0103 anuarul mai jos la pre\u0163ul de 550 de lei, TVA inclus.<\/p>\n<p>Pentru abonamente ZF, v\u0103 rug\u0103m contacta\u0163i-ne la adresa de e-mail claudia.mirt@m.ro.<\/p>\n","protected":false},"excerpt":{"rendered":"<p><strong>Recapitularea unei crize<\/strong><\/p>\n<p>Criza din Orientul Mijlociu este \u00een plin\u0103 desf\u0103\u0219urare la momentul \u00een care pleac\u0103 \u00een tipar aceast\u0103 a 15-a edi\u021bie a Anuarului ZF Energie (31 martie), dar con\u021binutul acestui proiect cred c\u0103 va r\u0103m\u00e2ne relevant indiferent de deznod\u0103m\u00e2ntul pe care to\u021bi ni-l dorim c\u00e2t mai rapid&#8230;<\/p>\n","protected":false},"featured_media":1278,"template":"","meta":[],"product_brand":[27],"product_cat":[50],"product_tag":[51,29],"class_list":{"0":"post-1277","1":"product","2":"type-product","3":"status-publish","4":"has-post-thumbnail","6":"product_brand-ziarul-financiar","7":"product_cat-anuare-zf","8":"product_tag-anuar-energie","9":"product_tag-zf","11":"first","12":"instock","13":"shipping-taxable","14":"purchasable","15":"product-type-simple"},"_links":{"self":[{"href":"https:\/\/payment.m.ro\/mfg\/index.php?rest_route=\/wp\/v2\/product\/1277","targetHints":{"allow":["GET"]}}],"collection":[{"href":"https:\/\/payment.m.ro\/mfg\/index.php?rest_route=\/wp\/v2\/product"}],"about":[{"href":"https:\/\/payment.m.ro\/mfg\/index.php?rest_route=\/wp\/v2\/types\/product"}],"wp:featuredmedia":[{"embeddable":true,"href":"https:\/\/payment.m.ro\/mfg\/index.php?rest_route=\/wp\/v2\/media\/1278"}],"wp:attachment":[{"href":"https:\/\/payment.m.ro\/mfg\/index.php?rest_route=%2Fwp%2Fv2%2Fmedia&parent=1277"}],"wp:term":[{"taxonomy":"product_brand","embeddable":true,"href":"https:\/\/payment.m.ro\/mfg\/index.php?rest_route=%2Fwp%2Fv2%2Fproduct_brand&post=1277"},{"taxonomy":"product_cat","embeddable":true,"href":"https:\/\/payment.m.ro\/mfg\/index.php?rest_route=%2Fwp%2Fv2%2Fproduct_cat&post=1277"},{"taxonomy":"product_tag","embeddable":true,"href":"https:\/\/payment.m.ro\/mfg\/index.php?rest_route=%2Fwp%2Fv2%2Fproduct_tag&post=1277"}],"curies":[{"name":"wp","href":"https:\/\/api.w.org\/{rel}","templated":true}]}}