{"id":1184,"date":"2026-03-04T12:57:23","date_gmt":"2026-03-04T10:57:23","guid":{"rendered":"https:\/\/payment.m.ro\/mfg\/?post_type=product&#038;p=1184"},"modified":"2026-03-04T13:03:28","modified_gmt":"2026-03-04T11:03:28","slug":"supliment-zf-dupa-afaceri-premium-ianuarie-februarie-2026","status":"publish","type":"product","link":"https:\/\/payment.m.ro\/mfg\/?product=supliment-zf-dupa-afaceri-premium-ianuarie-februarie-2026","title":{"rendered":"Supliment ZF &#8211; Dup\u0103 Afaceri Premium \u2013 ianuarie-februarie 2026"},"content":{"rendered":"<div>\n<p><strong>Drive to survive<\/strong><\/p>\n<p>Abia au trecut dou\u0103 luni din an \u0219i simt de parc\u0103 e deja 2028. \u0218i eu am f\u0103cut multe, dar \u0219i lumea din jur s-a mi\u0219cat constant cu viteza a cincea. \u0218i nu doar at\u00e2t, dar pare c\u0103 s-a stricat fr\u00e2na, a\u0219a c\u0103 viitorul sun\u0103 ner\u0103bd\u0103tor la u\u0219\u0103. \u0218i totu\u0219i, la \u00eenceput de februarie, vr\u00e2nd-nevr\u00e2nd (mai mult vr\u00e2nd), m-am oprit pu\u021bin. \u0218i mi-am dat seama c\u0103 de\u0219i pare imposibil, \u00eenc\u0103 pot s\u0103 o fac. V\u0103 \u00eentreba\u021bi probabil cum. Am ajuns \u00een Myanmar \u0219i mi-am \u201eblocat\u201c internetul pentru dou\u0103 s\u0103pt\u0103m\u00e2ni. Despre Myanmar am multe de spus, dar o s\u0103 o fac alt\u0103 dat\u0103, c\u00e2nd o s\u0103 am spa\u021biul s\u0103 m\u0103 desf\u0103\u0219or \u0219i c\u00e2nd pot s\u0103 fac loc pozelor s\u0103 vorbeasc\u0103. Ce pot s\u0103 zic e c\u0103 e o \u021bar\u0103 m\u0103cinat\u0103 de r\u0103zboi civil, de conflicte religioase \u0219i de s\u0103r\u0103cie (lucie). \u0218i totu\u0219i, \u00eentre toate aceste probleme, am g\u0103sit lini\u0219te, multe z\u00e2mbete \u0219i oameni care se mi\u0219c\u0103 \u00een alt ritm. \u0218i m-am for\u021bat \u0219i eu s\u0103 fac ceva similar. M-am deconectat de la re\u021bele sociale \u0219i \u0219tiri. Nu e prima dat\u0103 c\u00e2nd o fac. \u0218i, nu mi-e greu. Dar abia c\u00e2nd m\u0103 reconectez realizez c\u00e2te am ratat. Economia a intrat \u00een recesiune tehnic\u0103. Francezii de la Carrefour confirm\u0103 oficial inten\u021bia de a ie\u0219i din Rom\u00e2nia. SUA face pa\u0219i \u00een continuare c\u0103tre un conflict cu Iranul. \u00cen Mexic cartelurile de droguri au declarat r\u0103zboi autorit\u0103\u021bilor. \u0218i asta doar a\u0219a, la prima m\u00e2n\u0103. Pare c\u0103 totul e r\u0103u \u00een jur. \u0218i primul g\u00e2nd e \u201eopri\u021bi planeta, vreau s\u0103 cobor\u201c. Dar apoi, \u00eentre toate aceste informa\u021bii, descop\u0103r \u0219i c\u00e2teva file din alte pove\u0219ti. Una are arome indiene (povestea brandului de parfumuri GOA), alta vorbe\u0219te despre o istorie de peste un secol \u0219i despre transformarea unei farmacii din 1893 \u00eentr-un laborator de cafea de specialitate (Laboratorium din Cluj-Napoca). Sunt pove\u0219ti ale unor oameni (Patricia S\u00eerbu-M\u0103rcule\u021b, campioan\u0103 la motorsport la 22 de ani) \u0219i ale unor locuri (precum Trusko Resort, din Rom\u00e2nia, afiliat la re\u021beaua Small Luxury Hotels of the World) pe care eu \u0219i colegii mei le scriem pentru Dup\u0103 Afaceri Premium lun\u0103 de lun\u0103. Asta \u00eenseamn\u0103 fiecare edi\u021bie \u2013 un strop \u00een plus de frumos \u00eentr-o lume care pare c\u0103 \u00ee\u0219i pierde direc\u021bia. Uneori mi se pare c\u0103 scriem prea mult pentru un public care nu mai e obi\u0219nuit s\u0103 citeasc\u0103. Alteori m\u0103 g\u00e2ndesc c\u0103 a miza \u00een continuare pe print \u00eentr-o lume digital\u0103 e o nebunie. Dar apoi, ascult\u00e2nd cum oamenii au obosit de la at\u00e2ta stat pe telefon, de la at\u00e2tea \u201epove\u0219ti\u201c spuse \u00eentr-o singur\u0103 fraz\u0103, f\u0103r\u0103 context \u0219i profunzime, \u00eemi dau seama c\u0103 poate e bine s\u0103 insi\u0219ti \u00een nebunia ta. Sper c\u0103 nu e doar o nebunie. Dar asta voi pute\u021bi decide, dup\u0103 ce ve\u021bi citi \u00een prima edi\u021bie a Dup\u0103 Afaceri Premium din 2026 despre cum verigheta nu mai este doar un semn al c\u0103s\u0103toriei, ci o hart\u0103 miniatural\u0103 a unui loc care le-a schimbat via\u021ba mirilor \u0219i despre cum \u00eentr-o pia\u021b\u0103 \u00een care conceptele vin \u0219i pleac\u0103, iar pu\u021bine r\u0103m\u00e2n \u201cla \u00een\u0103l\u021bime\u201c, rooftop-ul pare de neclintit. Nu am ratat nici cel mai nou trend din gastronomie \u2013 bagelul. De\u0219i aici am ajuns cam t\u00e2rziu \u00een r\u00e2nd cu lumea. Pove\u0219tile sunt mult mai multe \u0219i v\u0103 invit pe voi s\u0103 le descoperi\u021bi. \u0218i a\u0219tept s\u0103 \u00eemi spune\u021bi dac\u0103 sunt prea lungi, prea savuroase sau, pur \u0219i simplu, a\u0219a cum trebuie.<\/p>\n<p>Lectur\u0103 pl\u0103cut\u0103!<\/p>\n<\/div>\n<div><strong><em>Cristina Ro\u015fca,<\/em><\/strong><br \/>\n<strong><em>Editor-\u015fef Dup\u0103 Afaceri Premium<\/em><\/strong><\/div>\n<p>Mai multe detalii pute\u0163i citi \u00een cel mai nou num\u0103r din Dup\u0103 Afaceri Premium.<\/p>\n<p><em><strong>Edi\u0163iile print sunt valabile \u00een limita stocului disponibil. \u00cen cazul \u00een care stocul se epuizeaz\u0103 va fi livrat\u0103 edi\u0163ia electronic\u0103.<\/strong><\/em><\/p>\n<p>Comand\u0103 Suplimentul Dup\u0103 Afaceri Premium mai jos la pre\u0163ul de 55 de lei, TVA inclus.<\/p>\n<p>Pentru abonamente ZF, v\u0103 rug\u0103m contacta\u0163i-ne la adresa de e-mail claudia.mirt@m.ro.<\/p>\n","protected":false},"excerpt":{"rendered":"<p><strong>Drive to survive<\/strong><\/p>\n<p>Abia au trecut dou\u0103 luni din an \u0219i simt de parc\u0103 e deja 2028. \u0218i eu am f\u0103cut multe, dar \u0219i lumea din jur s-a mi\u0219cat constant cu viteza a cincea. \u0218i nu doar at\u00e2t, dar pare c\u0103 s-a stricat fr\u00e2na, a\u0219a c\u0103 viitorul sun\u0103 ner\u0103bd\u0103tor la u\u0219\u0103.<\/p>\n","protected":false},"featured_media":1185,"template":"","meta":[],"product_brand":[27],"product_cat":[47],"product_tag":[49,48],"class_list":{"0":"post-1184","1":"product","2":"type-product","3":"status-publish","4":"has-post-thumbnail","6":"product_brand-ziarul-financiar","7":"product_cat-supliment-zf","8":"product_tag-dupa-afaceri-premium","9":"product_tag-supliment-zf","11":"first","12":"instock","13":"shipping-taxable","14":"purchasable","15":"product-type-simple"},"_links":{"self":[{"href":"https:\/\/payment.m.ro\/mfg\/index.php?rest_route=\/wp\/v2\/product\/1184","targetHints":{"allow":["GET"]}}],"collection":[{"href":"https:\/\/payment.m.ro\/mfg\/index.php?rest_route=\/wp\/v2\/product"}],"about":[{"href":"https:\/\/payment.m.ro\/mfg\/index.php?rest_route=\/wp\/v2\/types\/product"}],"wp:featuredmedia":[{"embeddable":true,"href":"https:\/\/payment.m.ro\/mfg\/index.php?rest_route=\/wp\/v2\/media\/1185"}],"wp:attachment":[{"href":"https:\/\/payment.m.ro\/mfg\/index.php?rest_route=%2Fwp%2Fv2%2Fmedia&parent=1184"}],"wp:term":[{"taxonomy":"product_brand","embeddable":true,"href":"https:\/\/payment.m.ro\/mfg\/index.php?rest_route=%2Fwp%2Fv2%2Fproduct_brand&post=1184"},{"taxonomy":"product_cat","embeddable":true,"href":"https:\/\/payment.m.ro\/mfg\/index.php?rest_route=%2Fwp%2Fv2%2Fproduct_cat&post=1184"},{"taxonomy":"product_tag","embeddable":true,"href":"https:\/\/payment.m.ro\/mfg\/index.php?rest_route=%2Fwp%2Fv2%2Fproduct_tag&post=1184"}],"curies":[{"name":"wp","href":"https:\/\/api.w.org\/{rel}","templated":true}]}}