{"id":59,"date":"2025-01-27T07:54:51","date_gmt":"2025-01-27T07:54:51","guid":{"rendered":"https:\/\/payment.m.ro\/mfg\/?page_id=59"},"modified":"2025-01-27T07:54:51","modified_gmt":"2025-01-27T07:54:51","slug":"contact","status":"publish","type":"page","link":"https:\/\/payment.m.ro\/mfg\/?page_id=59","title":{"rendered":"Contact"},"content":{"rendered":"<p><strong>ZIARUL FINANCIAR<\/strong>&nbsp;e interesat de opiniile si sugestiile dumneavoastra legate de continutul zf.ro.<br>De asemenea, ne-am bucura s\u0103 primim observa\u0163ii \u015fi comentarii legate de evenimentele la zi, la adresa&nbsp;<a href=\"mailto:zf24@zf.ro\">zf24@zf.ro<\/a>.<br><br><strong>Adresa Redactiei:<\/strong>&nbsp;Bulevardul Aviatorilor, num\u0103rul 45<\/p><p><strong>Telefoane<\/strong>:<\/p><p>0318.256.288 (redactie)<br>0318.256.112 (abonamente print &#8211; Claudia Mir\u0163)<\/p><p><strong>E-mail:<\/strong>&nbsp;<a href=\"mailto:zf24@zf.ro\">zf24@zf.ro<\/a>&nbsp;(redactie zf.ro),&nbsp;<a href=\"mailto:abonat@m.ro\">abonat@m.ro<\/a>&nbsp;(abonamente)<\/p><p><strong>Social media:<\/strong><\/p><p><strong>\u2022 Facebook&nbsp;<a href=\"https:\/\/www.facebook.com\/ZIARULFINANCIAR\/\">Ziarul Financiar<\/a><\/strong><\/p><p><strong>\u2022 Instagram&nbsp;<a href=\"https:\/\/www.instagram.com\/ziarul.financiar\/\">Ziarul Financiar<\/a><\/strong><\/p><p><strong>\u2022 YouTube&nbsp;<a href=\"https:\/\/www.youtube.com\/channel\/UC0nggDVchmmO7ikV4NosYhg\/videos\">Ziarul Financiar<\/a><\/strong><\/p><p><strong>\u2022&nbsp; LinkedIn&nbsp;<a href=\"https:\/\/www.linkedin.com\/company\/ziarulfinanciar\/\">Ziarul Financiar<\/a>&nbsp;<\/strong><\/p><p><strong>\u2022&nbsp; Twitter&nbsp;<a href=\"https:\/\/twitter.com\/ZiarulFinanciar\">Ziarul Financiar<\/a><\/strong><\/p><p><a href=\"https:\/\/storage1.dms.mpinteractiv.ro\/media\/1\/1\/1690\/20307908\/46\/cod-deontologic-asociatia-romana-de-comunicatii-audiovizuale.pdf\" target=\"_blank\" rel=\"noreferrer noopener\"><strong>Cod Deontologic&nbsp;<\/strong><\/a><\/p><p><strong>REDAC\u0162IE<\/strong><\/p><p><strong><a href=\"https:\/\/www.zf.ro\/autor\/cristian-hostiuc\">Cristian Hostiuc<\/a>&nbsp;&#8211; Director Editorial<br>cristian.hostiuc@zf.ro<\/strong><\/p><p><strong><a href=\"https:\/\/www.zf.ro\/autor\/sorin-pislaru\">Sorin Pislaru<\/a>&nbsp;&#8211; Redactor \u015fef<br>sorin.pislaru@zf.ro<\/strong><\/p><p><strong><a href=\"https:\/\/www.zf.ro\/autor\/dana-ciriperu\">Dana Ciriperu<\/a>&nbsp;&#8211; Redactor \u015fef adjunct (Companii)<br>dana.ciriperu@zf.ro<\/strong><\/p><p><strong><a href=\"https:\/\/www.zf.ro\/autor\/adrian-seceleanu\">Adrian Seceleanu<\/a>&nbsp;&#8211; Editor Hi-Tech<br>adrian.seceleanu@zf.ro<\/strong><\/p><p><strong><a href=\"https:\/\/www.zf.ro\/autor\/bogdan-cojocaru\">Bogdan Cojocaru<\/a>&nbsp;&#8211; Editor Business Intl.<br>bogdan.cojocar@zf.ro<\/strong><\/p><p><strong><a href=\"https:\/\/www.zf.ro\/autor\/iulian-anghel\">Iulian Anghel<\/a>&nbsp;&#8211; Editor Politic<br>iulian.anghel@zf.ro<\/strong><\/p><p><strong><a href=\"https:\/\/www.zf.ro\/autor\/loredana-fratila-cristescu\">Loredana Fr\u0103\u0163il\u0103 Cristescu<\/a>&nbsp;&#8211; Editor ZF English<br>loredana.fratila@zf.ro&nbsp;<\/strong><\/p><p><strong>WWW.ZF.RO<\/strong><\/p><p><strong><a href=\"https:\/\/www.zf.ro\/autor\/stefan-stan\">\u015etefan Stan<\/a>&nbsp;&#8211; Editor-\u015fef www.zf.ro<br>zf24@zf.ro<\/strong><\/p><p><strong>V\u00c2NZ\u0102RI DIGITAL<\/strong><\/p><p><strong>Mihaela Mihalcea &#8211; Head of Digital Sales<br>mihaela.mihalcea@outsmart.media (0753.066.125)<\/strong><\/p><p><strong>Distribu\u0163ie<\/strong><\/p><p><strong>Virgil \u015etefan<br>virgil.stefan@m.ro<\/strong><\/p><p><strong>MARKETING BRAND<\/strong><\/p><p><strong>Ani\u015foara Dragu \u2013 Brand Manager Mediamex&nbsp;<\/strong><br><strong>anisoara.dragu@m.ro&nbsp;<\/strong><\/p><p><strong>Beatrice Cenu\u015foiu \u2013 Director marketing Mediamex<\/strong><br><strong>beatrice.cenusoiu@m.ro<\/strong><\/p><p><strong>PUBLISHER<\/strong><\/p><p><strong>Alexandru Matei &#8211; Publisher Business Press<br>alexandru.matei@zf.ro&nbsp;<\/strong><\/p><p><strong>ORGANIZARE EVENIMENTE<\/strong><\/p><p><strong>Manuela P\u0103nescu, Business Events Producer manuela.panescu@m.ro (0754.078.906)<\/strong><\/p><p><strong>V\u00c2NZ\u0102RI PRINT<\/strong><\/p><p><strong>Livia Fl\u0103c\u0103u<br>livia.flacau@m.ro (0724.675.720)<\/strong><\/p><p><strong>Cristina Ivanovici<br>cristina.ivanovici@m.ro (0723.505.653)<\/strong><\/p><p><strong>Daniela Gugiu \u2013 ZF Anun\u0163uri de business<br>daniela.gugiu@m.ro (0727.803.590)<\/strong><\/p><p><strong>V\u00c2NZ\u0102RI EVENIMENTE<\/strong><\/p><p><strong>Alecsandra Voicu, alexandra.voicu@m.ro (0766.935.845)<\/strong><\/p><p><strong>PUBLICA\u0162IE EDITAT\u0102 DE<\/strong><\/p><p><strong>Mediamex Investment SRL<br>Bulevardul Aviatorilor, num\u0103rul 45<br>Director General: Adrian S\u00e2rbu<br>Director Produc\u0163ie: Ana Maria Ghe\u0163ea<\/strong><\/p>","protected":false},"excerpt":{"rendered":"<p>ZIARUL FINANCIAR&nbsp;e interesat de opiniile si sugestiile dumneavoastra legate de continutul zf.ro.De asemenea, ne-am bucura s\u0103 primim observa\u0163ii \u015fi comentarii legate de evenimentele la zi, la adresa&nbsp;zf24@zf.ro. Adresa Redactiei:&nbsp;Bulevardul Aviatorilor, num\u0103rul 45 Telefoane: 0318.256.288 (redactie)0318.256.112 (abonamente print &#8211; Claudia Mir\u0163) E-mail:&nbsp;zf24@zf.ro&nbsp;(redactie zf.ro),&nbsp;abonat@m.ro&nbsp;(abonamente) Social media: \u2022 Facebook&nbsp;Ziarul Financiar \u2022 Instagram&nbsp;Ziarul Financiar \u2022 YouTube&nbsp;Ziarul Financiar \u2022&nbsp; LinkedIn&nbsp;Ziarul [&hellip;]<\/p>\n","protected":false},"author":1,"featured_media":0,"parent":0,"menu_order":0,"comment_status":"closed","ping_status":"closed","template":"","meta":{"footnotes":""},"class_list":["post-59","page","type-page","status-publish","hentry"],"_links":{"self":[{"href":"https:\/\/payment.m.ro\/mfg\/index.php?rest_route=\/wp\/v2\/pages\/59","targetHints":{"allow":["GET"]}}],"collection":[{"href":"https:\/\/payment.m.ro\/mfg\/index.php?rest_route=\/wp\/v2\/pages"}],"about":[{"href":"https:\/\/payment.m.ro\/mfg\/index.php?rest_route=\/wp\/v2\/types\/page"}],"author":[{"embeddable":true,"href":"https:\/\/payment.m.ro\/mfg\/index.php?rest_route=\/wp\/v2\/users\/1"}],"replies":[{"embeddable":true,"href":"https:\/\/payment.m.ro\/mfg\/index.php?rest_route=%2Fwp%2Fv2%2Fcomments&post=59"}],"version-history":[{"count":1,"href":"https:\/\/payment.m.ro\/mfg\/index.php?rest_route=\/wp\/v2\/pages\/59\/revisions"}],"predecessor-version":[{"id":60,"href":"https:\/\/payment.m.ro\/mfg\/index.php?rest_route=\/wp\/v2\/pages\/59\/revisions\/60"}],"wp:attachment":[{"href":"https:\/\/payment.m.ro\/mfg\/index.php?rest_route=%2Fwp%2Fv2%2Fmedia&parent=59"}],"curies":[{"name":"wp","href":"https:\/\/api.w.org\/{rel}","templated":true}]}}