{"id":2,"date":"2025-01-22T15:37:35","date_gmt":"2025-01-22T15:37:35","guid":{"rendered":"https:\/\/payment.m.ro\/mfg\/?page_id=2"},"modified":"2025-01-27T07:17:12","modified_gmt":"2025-01-27T07:17:12","slug":"termeni-si-conditii","status":"publish","type":"page","link":"https:\/\/payment.m.ro\/mfg\/?page_id=2","title":{"rendered":"Termeni \u0219i condi\u021bii"},"content":{"rendered":"<p>Prin utilizarea acestui site,&nbsp;<a href=\"http:\/\/www.zf.ro\/\">www.zf.ro<\/a>, sunte\u0163i de acord cu termenii \u015fi condi\u0163iile de utilizare me\u0163ionate \u00een aceasta pagin\u0103. Accesul \u015fi utilizarea acestui site sunt supuse urm\u0103torilor termeni \u015fi condi\u0163ii de utilizare \u015fi tuturor legilor \u015fi regulamentelor aplicabile. Acces\u00e2nd \u015fi utiliz\u00e2nd site-ul, accepta\u0163i, f\u0103r\u0103 limit\u0103ri sau calific\u0103ri, ace\u015fti termeni \u015fi condi\u0163ii \u015fi lua\u0163i la cuno\u015ftin\u0163\u0103 c\u0103 orice alte acorduri \u00eentre dumneavoastr\u0103 \u015fi ter\u0163e p\u0103r\u0163i cu privire la utilizarea site-ului sunt \u00eenlocuite prin prevederile prezentului document. Dac\u0103 nu sunte\u0163i de acord sau nu accepta\u0163i, f\u0103r\u0103 limit\u0103ri sau calific\u0103ri, Termenii \u015fi Condi\u0163iile de Utilizare ale acestui site, v\u0103 rug\u0103m s\u0103 p\u0103r\u0103si\u0163i aceast\u0103 platform\u0103.&nbsp;<\/p><p>Prin continuarea utiliz\u0103rii serviciilor \u015fi produselor oferite de site-ul&nbsp;<a href=\"http:\/\/www.zf.ro\/\">www.zf.ro<\/a>&nbsp;confirma\u0163i c\u0103 sunte\u0163i de acord cu Termenii \u015fi Condi\u0163iile de Utilizare mai jos men\u0163iona\u0163i.<\/p><p><strong>TERMENI GENERALI<\/strong><\/p><p><strong>a.<\/strong>&nbsp;Site-ul&nbsp;<a href=\"http:\/\/www.zf.ro\/\">www.zf.ro<\/a>, numit generic \u00een continuare ZF.RO, este proprietatea SC Mediamex Investment SRL . Accesarea acestui site ori a oric\u0103rei p\u0103r\u0163i din acest site presupune acordul tacit cu termenii ce urmeaz\u0103. Acordul de utilizare \u00ee\u015fi produce efectele \u00eentre dumneavoastr\u0103 \u015fi SC Mediamex Investment SRL . Acceptarea se consider\u0103 tacit\u0103 \u015fi f\u0103r\u0103 rezerve.<\/p><p><strong>b.<\/strong>&nbsp;ZF.RO poate schimba con\u0163inutul site-ului la orice moment, poate aduce modific\u0103ri de structur\u0103, con\u0163inut \u015fi accesibilitate, poate sista furnizarea informa\u0163iilor pe site, f\u0103r\u0103 un acord prealabil \u015fi f\u0103r\u0103 vreo notificare c\u0103tre dumneavoastr\u0103 ori c\u0103tre ter\u0163e persoane.<\/p><p><strong>c.<\/strong>&nbsp;Continu\u00e2nd s\u0103 utiliza\u0163i site-ul presupune acordul dumneavoastr\u0103 tacit \u015fi acordul \u00een \u00eentregime la Termenii \u015fi condi\u0163iile prezentate \u00een cele ce urmeaz\u0103. Utilizarea presupune acceptarea regulilor ZF.RO.<\/p><p><strong>d.<\/strong>&nbsp;ZF.RO poate schimba, suspenda sau \u00eentrerupe, \u00een orice moment, f\u0103r\u0103 a anun\u0163a \u00een prealabil, site-ul. ZF.RO poate limita accesul la site ori la anumite p\u0103r\u0163i din site. Totodat\u0103, ZF.RO poate limita accesul la anumite facilit\u0103\u0163i\/frame-uri din site, poate aduce limit\u0103ri de acces anumitor IP-uri f\u0103r\u0103 notific\u0103ri \u015fi f\u0103r\u0103 vreo r\u0103spundere.<\/p><p><strong>1. CON\u0162INUTUL<\/strong><\/p><p><strong>a.<\/strong>&nbsp;Con\u0163inutul site-ului este destinat uzului personal, f\u0103r\u0103 scop direct ori indirect comercial. Toate materialele publicate (incluz\u00e2nd, dar f\u0103r\u0103 a se limita la, articole, informa\u0163ii, fotografii, date, clipuri audio\/video &#8211; generic numite con\u0163inut) sunt protejate de c\u0103tre dispozi\u0163iile legale incidente: Legea nr. 8\/1996, cu modific\u0103rile \u015fi complet\u0103rile ulterioare &#8211; privind dreptul de autor \u015fi drepturile conexe, Legea nr. 84\/1998 &#8211; privind m\u0103rcile \u015fi indica\u0163iile geografice \u015fi Legea nr. 129\/1992, republicat\u0103 \u2013 privind&nbsp;protec\u0163ia desenelor \u015fi modelelor. Lipsa men\u0163iunii privind unele texte legale ori dispozi\u0163ii incidente nu duc la inaplicabilitatea acestora.<\/p><p><strong>b.<\/strong>&nbsp;Site-ul \u015fi Con\u0163inutul sunt protejate de c\u0103tre Legea drepturilor de autor din Rom\u00e2nia, precum \u015fi de dispozi\u0163iile privitoare la copyright aplicabile \u00een alte teritorii dec\u00e2t Rom\u00e2nia. Dumneavoastr\u0103 nu pute\u0163i copia, stoca, modifica ori transfera cu orice titlu, \u00een parte ori \u00eentreg site \u015fi\/sau Con\u0163inutul. Exploatarea este liber\u0103, sub condi\u0163ia non-comercialit\u0103\u0163ii \u015fi respect\u0103rii termenilor impu\u015fi de c\u0103tre ZF.RO.<\/p><p><strong>c.<\/strong>&nbsp;Orice form\u0103 de copiere, stocare, modificare \u015fi\/sau transmitere a Con\u0163inutului este expres interzis\u0103, f\u0103r\u0103 acordul prealabil \u015fi scris al ZF.RO.<\/p><p><strong>d.<\/strong>&nbsp;ZF.RO nu r\u0103spunde de eventualele prejudicii, litigii existente, n\u0103scute ori izvor\u00e2te \u00een leg\u0103tur\u0103 cu\/din copierea, stocarea, modificare ori transferarea \u00eentregului ori a unei p\u0103r\u0163i din Con\u0163inut \u00een orice mediu.<\/p><p><strong>e.&nbsp;<\/strong>\u00cen cazul \u00een care considera\u0163i c\u0103 orice material publicat pe acest site de echipa redac\u0163ional\u0103 sau de oricine altcineva \u00eencalc\u0103 drepturile de autor sau orice alte drepturi, v\u0103 rug\u0103m s\u0103 ne sesiza\u0163i acest lucru printr-un mesaj trimis la adresa publicat\u0103 \u00een sec\u0163iunea Contact a site-ului sau pe adresa de e-mail&nbsp;<a href=\"mailto:zf24@zf.ro\">zf24@zf.ro<\/a>.<\/p><p><strong>f.<\/strong>V\u0103 inform\u0103m c\u0103 SC Mediamex Investment SRL \u00ee\u015fi va asigura \u015fi impune \u00een mod hot\u0103r\u00eet recunoa\u015fterea drepturilor de proprietate intelectual\u0103 \u00een conformitate cu legile \u00een vigoare, ajung\u00e2nd dac\u0103 este cazul, la&nbsp;<strong>ac\u0163ionarea \u00een judecat\u0103<\/strong>&nbsp;a celor vinova\u0163i de \u00eenc\u0103lcarea dreptului de proprietate intelectual\u0103,.&nbsp;<\/p><p><strong>2. DREPTURILE DE AUTOR<\/strong><\/p><p><strong>a.<\/strong>&nbsp;Toate drepturile rezervate. SC Mediamex Investment SRL acord\u0103 permisunea de a utiliza site-ul&nbsp;<a href=\"http:\/\/www.zf.ro\/\">www.zf.ro<\/a>\u00een urm\u0103toarele condi\u0163ii:<\/p><p><strong>b.<\/strong>Sunt interzise copierea, modificarea, expunerea, refolosirea, reproducerea, publicarea, autorizarea, acordarea de licen\u0163\u0103 de folosire, crearea de lucr\u0103ri derivate din, sau s\u0103 transfera\u0163i, s\u0103 vinde\u0163i sau s\u0103 folosi\u0163i Con\u0163inutul publicat de c\u0103tre SC Mediamex Investment SRL pe acest site, materialele protejate prin legile na\u0163ionale \u015fi interna\u0163ionale de copyright, \u00een alt mod dec\u00e2t cu acordul scris al SC Mediamex Investment SRL precum \u015fi orice modalitate de exploatare a con\u0163inutului site-ului&nbsp;<a href=\"http:\/\/www.zf.ro\/\">www.zf.ro<\/a>, cu excep\u0163ia afi\u015f\u0103rii pe ecranul unui computer personal \u015fi imprimarea sau desc\u0103rcarea, \u00een scop personal \u015fi necomercial, a anumitor documente sau informa\u0163ii explicit desemnate \u00een acest scop, cu condi\u0163ia p\u0103str\u0103rii nemodificate a tuturor elementelor care fac referire la drepturile de proprietate intelectual\u0103, alte drepturi de proprietate \u015fi condi\u0163iile de utilizare ale documentelor sau informa\u0163iilor respective.<\/p><p><strong>c.<\/strong>Este interzis s\u0103 folosi\u0163i site-ul&nbsp;<a href=\"http:\/\/www.zf.ro\/\">www.zf.ro<\/a>pentru a afi\u015fa sau transmite orice fel de material ce are caracter amenin\u0163\u0103tor, fals, \u00een\u015fel\u0103tor, abuziv, de h\u0103r\u0163uire, licen\u0163ios, calomniator, vulgar, obscen, scandalos, instigator, pornografic sau profanator, sau orice alt fel de material care poate constitui sau \u00eencuraja un comportament ce va putea da na\u015ftere unei infrac\u0163iuni, sau ar putea conduce la r\u0103spunderea civil\u0103, sau ar \u00eenc\u0103lca \u00een alt mod legea. SC Mediamex Investment SRL va coopera cu oricare dintre autorit\u0103\u0163ile desemnate s\u0103 aplice legea \u015fi se va conforma cu orice sentin\u0163\u0103 judec\u0103toreasc\u0103 prin care se cere sau se ordon\u0103 societ\u0103\u0163ii SC Mediamex Investment SRL s\u0103 dezv\u0103luie identitatea oric\u0103rei persoane care ar afi\u015fa sau transmite orice fel de informa\u0163ie sau material de acest fel pe sau prin intermediul site-ului&nbsp;<a href=\"http:\/\/www.zf.ro\/\">www.zf.ro<\/a>.&nbsp;<\/p><p><strong>d.<\/strong>Este interzis\u0103 redistribuirea vreunei pagini din site prin framing cu excep\u0163ia existen\u0163ei unui acord scris din partea SC Mediamex Investment SRL cu privire la acceptul redistribuirii vreunei pagini.&nbsp;<\/p><p><strong>e.<\/strong>Este interzis s\u0103 utiliza\u0163i site-ul&nbsp;<a href=\"http:\/\/www.zf.ro\/\">www.zf.ro<\/a>\u00een scop de publicitate sau pentru orice fel de cerere\/ofert\u0103 cu caracter comercial f\u0103r\u0103 acordul SC Mediamex Investment SRL .&nbsp;<\/p><p><strong>f.<\/strong>&nbsp;Preluarea de informa\u0163ii de c\u0103tre alte site-uri web poate fi f\u0103cut\u0103 numai \u00een acord cu termenii agrea\u0163i \u015fi men\u0163iona\u0163i in aceast\u0103 pagina de c\u0103tre SC Mediamex Investment SRL , cu excep\u0163ia unui acord, valabil \u015fi recunoscut de ambele par\u0163i, utilizator \u015fi SC Mediamex Investment SRL .<\/p><p><strong>g.<\/strong>SC Mediamex Investment SRL aprob\u0103 preluarea f\u0103r\u0103 cost a materialelor de pres\u0103 purt\u0103toare de drepturi de proprietate intelectual\u0103, doar \u00een limita a 250 de semne, spa\u0163iile \u015fi URL-ul\/hyperlink-ul nu sunt luate \u00een considerare \u00een numerotarea semnelor, asigur\u00e2ndu-se astfel at\u00e2t libera circula\u0163ie a informa\u0163iei, c\u00e2t \u015fi caracterul de \u00abrevist\u0103 a presei\u00bb sus\u0163inut de paginile de internet \u00een cauz\u0103.<\/p><p><strong>\u00cen mod obligatoriu, \u00een aceste cazuri, trebuie citat\u0103 sursa informa\u0163iei.<\/strong>&nbsp;Preluarea a mai mult dec\u00e2t cele prev\u0103zute anterior se poate realiza doar \u00een condi\u0163iile unui acord, financiar sau de alt\u0103 natur\u0103, \u00eencheiat cu SC Mediamex Investment SRL .<\/p><p>Sursa&nbsp;<a href=\"http:\/\/www.zf.ro\/\">www.zf.ro<\/a>&nbsp;va fi citat\u0103, cu link c\u0103tre site, \u00een primul paragraf (ex.: &#8222;Companiile locale de asigur\u0103ri au emis \u00een intervalul ianuarie-martie al acestui an 93.478 de poli\u0163e auto obligatorii (RCA) cu clauz\u0103 de decontare direct\u0103, cu 39% mai multe dec\u00e2t \u00een al doilea semestru al anului trecut\u201c, informeaz\u0103&nbsp;<a href=\"http:\/\/www.zf.ro\/\">www.zf.ro<\/a>&#8222;). La sf\u00e2r\u015fitul ultimului paragraf al \u015ftirii \u015fi \u00een cadrul acestuia se va preciza \u201cIntegral pe&nbsp;<a href=\"http:\/\/www.zf.ro\/\">ZF.RO<\/a>.\u201d (sau o formul\u0103 echivalent\u0103, practicat\u0103 de site-urile \u00een cauz\u0103), aceast\u0103 formul\u0103 av\u00e2nd link \u00een&nbsp;<a href=\"http:\/\/www.zf.ro\/\">www.zf.ro<\/a>.<\/p><p>De asemenea, la sf\u00e2r\u015fitul \u015ftirii, dup\u0103 ultimul paragraf \u015fi \u00een afara acestuia (sau la \u00eenceputul \u015ftirii, \u00een func\u0163ie de layout-urile site-urilor \u00een cauz\u0103), se va preciza \u00een mod vizibil: \u201cSURSA:&nbsp;<a href=\"http:\/\/www.zf.ro\/\">ZF.RO<\/a>\u201d, cu link c\u0103tre site-ul&nbsp;<a href=\"http:\/\/www.zf.ro\/\">www.zf.ro<\/a>.<\/p><p>Mediile offline se supun de asemenea termenilor agrea\u0163i de c\u0103tre SC Mediamex Investment SRL \u015fi \u00een conformitate cu prevederile Legii drepturilor de autor din Rom\u00e2nia.<\/p><p><strong>h.<\/strong>&nbsp;ZF.RO, logo-ul MEDIAMEX \u015fi oricare deriva\u0163ie a logo-ului aprobat \u015fi validat de c\u0103tre SC Mediamex Investment SRL \u015fi&nbsp;<a href=\"http:\/\/www.zf.ro\/\">www.zf.ro&nbsp;<\/a>sunt proprietatea SC Mediamex Investment SRL , niciuna dintre ele neput\u00e2nd fi utilizat\u0103 f\u0103r\u0103 acordul scris al SC Mediamex Investment SRL , indiferent de mediul \u00een care se dore\u015fte utilizarea lui.<\/p><p><strong>3. R\u0102SPUNDERI<\/strong><\/p><p><strong>a.<\/strong>&nbsp;Prin utilizarea site-ului&nbsp;<a href=\"http:\/\/www.zf.ro\/\">www.zf.ro<\/a>, dumneavoastr\u0103 sunte\u0163i singurul responsabil at\u00e2t fa\u0163\u0103 de ter\u0163i, c\u00e2t \u015fi fa\u0163\u0103 de ZF.RO \u00een leg\u0103tur\u0103 cu accesarea\/utilizarea\/exploatarea con\u0163inutului. SC Mediamex Investment SRL \u015fi societ\u0103\u0163ile sale afiliate, func\u0163ionarii, directorii, agen\u0163ii sau orice alt\u0103 parte implicat\u0103 \u00een conceperea, producerea sau oferirea site-ului nu sunt r\u0103spunz\u0103toare pentru daune directe sau indirecte, de orice natur\u0103, ce ar rezulta din sau \u00een leg\u0103tur\u0103 cu utilizarea acestui site sau a con\u0163inului s\u0103u. SC Mediamex Investment SRL nu \u00ee\u015fi asum\u0103 nicio responsabilitate \u015fi nu va fi raspunz\u0103toare pentru nicio daun\u0103 sau viru\u015fi care ar putea s\u0103 v\u0103 infecteze computerul sau alte bunuri \u00een urma acces\u0103rii sau utiliz\u0103rii acestui site, sau desc\u0103rc\u0103rii oricarui material, informa\u0163ii, text, imagini, video sau audio de pe acest site.<\/p><p><strong>b.&nbsp;<\/strong>SC Mediamex Investment SRL prin site-ul&nbsp;<a href=\"http:\/\/www.zf.ro\/\">www.zf.ro<\/a>\u00ee\u015fi rezerv\u0103 dreptul de a modifica, \u015fterge orice mesaj postat pe site, intrepretat la discre\u0163ia ZF.RO ca fiind abuziv, def\u0103im\u0103tor, obscen ori de natur\u0103 a aduce vreo atingere unui drept legal protejat.<\/p><p><strong>c.<\/strong>&nbsp;Utilizarea site-ului reprezint\u0103 faptul c\u0103 declara\u0163i \u015fi sunte\u0163i de acord cu publicarea de c\u0103tre ZF.RO a unui Con\u0163inut, stabilit pe baza unor criterii proprii, Con\u0163inut ce poate fi interpretat ca fiind publicat, prezentat \u00eentr-o manier\u0103 care s\u0103 nu fie conform\u0103 cu dorin\u0163ele dumneavoastr\u0103. \u00centr-un astfel de caz, r\u0103spunderea ZF.RO nu poate fi re\u0163inut\u0103.<\/p><p><strong>4. TRANSMITEREA DE INFORMA\u0162II C\u0102TRE&nbsp;ZF.RO<\/strong><\/p><p><strong>a.<\/strong>&nbsp;Prin transmiterea de informa\u0163ii c\u0103tre SC Mediamex Investment SRL \u015fi oricare alt\u0103 societate afiliate cu SC Mediamex Investment SRL si c\u0103tre&nbsp;<a href=\"http:\/\/www.zf.ro\/\">www.zf.ro<\/a>se \u00een\u0163elege funizarea de c\u0103tre dumneavoastr\u0103 a unor materiale, incluz\u00e2nd, dar f\u0103r\u0103 a se limita la mesaje, articole, informa\u0163ii, fotografii, date, clipuri audio\/video \u015fi comentarii.<\/p><p><strong>b.<\/strong>&nbsp;Transmiterea de informa\u0163ii c\u0103tre SC Mediamex Investment SRL \u015fi oricare alt\u0103 societate afiliat\u0103 cu SC Mediamex Investment SRL si c\u0103tre&nbsp;<a href=\"http:\/\/www.zf.ro\/\">www.zf.ro<\/a>echivaleaz\u0103 cu acceptul acordat c\u0103tre ZF.RO \u015fi societ\u0103\u0163ilor afiliate (colectiv \u00eencadrate drept ZF.RO) ca liber de orice obliga\u0163ie privind achitarea unei pl\u0103\u0163i \u015fi\/sau remunera\u0163ii, ne-exclusiv \u015fi pe o perioad\u0103 de 50 de ani, s\u0103 utilizeze, copieze, publice, distribuie, \u00een orice mod \u015fi cu orice titlu, \u00een orice mediu existent ori descoperit \u00een viitor, aceste informa\u0163ii.<\/p><p><strong>c.<\/strong>&nbsp;Totodat\u0103, prin transmiterea de informa\u0163ii c\u0103tre ZF.RO, se prezum\u0103 acordul dumneavoastr\u0103 privind desp\u0103gubirea ZF.RO \u015fi\/sau a ter\u0163ilor ca urmare a existen\u0163ei\/na\u015fterii unor prejudicii de orice fel din utilizarea, copierea, publicarea sau distribuirea respectivelor informa\u0163ii. ZF.RO nu accept\u0103 o r\u0103spundere limitat\u0103 din partea furnizorului de informa\u0163ii.<\/p><p><strong>d.&nbsp;<\/strong>ZF.RO nu \u00ee\u015fi asum\u0103 responsabilitatea pentru materialele postate pe acest site de alte persoane dec\u00e2t cele care au un contract semnat cu institu\u0163ia.&nbsp;Ne disociem de mesajele cu caracter rasist, xenofob, antisemit, calomniator, insult\u0103tor, def\u0103im\u0103tor, obscen sau indecent publicate pe site de utilizatori \u00een sec\u0163iunea de comentarii.<\/p><p><strong>5. OBLIGATIILE UTILIZATORILOR LA \u00ceNREGISTRARE<\/strong><\/p><p><strong>a.<\/strong>&nbsp;Accesul la con\u0163inutul online al site-ului&nbsp;<a href=\"http:\/\/www.zf.ro\/\">www.zf.ro<\/a>&nbsp;este liber.<\/p><p><strong>6. COOKIES<\/strong><\/p><p><strong>a.<\/strong>Site-ul&nbsp;<a href=\"http:\/\/www.zf.ro\/\">www.zf.ro<\/a>&nbsp;folose\u015fte cookie-uri. Cookie-urile reprezint\u0103 date stocate pe hardul utilizatorului, con\u0163in\u00e2nd informa\u0163ii despre utilizator. Folosirea mecanismului de tip cookie reprezint\u0103 un avantaj \u00een folosul vizitatorilor. De exemplu, prin introducerea unui cookie pe site-ul&nbsp;<a href=\"http:\/\/www.zf.ro\/\">www.zf.ro<\/a>, va fi suficient ca un utilizator s\u0103 se autentifice pe site dec\u00e2t o singur\u0103 dat\u0103 cu parola, c\u00e2\u015ftig\u00e2nd astfel timp pe parcursul navig\u0103rii pe pagina noastr\u0103. Dac\u0103 utilizatorul refuz\u0103 un cookie, poate s\u0103 utilizeze \u00een continuare site-ul&nbsp;<a href=\"http:\/\/www.zf.ro\/\">www.zf.ro<\/a>. Cookie-urile ne ajut\u0103 la urm\u0103rirea \u015fi segmentarea intereselor utilizatorilor no\u015ftri, pentru a intensifica experien\u0163a vizit\u0103rii site-ului nostru. Unii dintre partenerii no\u015ftri de afaceri folosesc cookie-uri pe site-ul nostru (de exemplu, cei care \u00ee\u015fi fac publicitate). Cu toate acestea, nu avem acces \u015fi nici nu putem controla aceste cookie-uri. Pentru mai multe informa\u0163ii \u015fi pentru a v\u0103 exprima acordul cu privire la politica de utilizare cookie v\u0103 rug\u0103m s\u0103 accesa\u0163i urmatoarea adresa online&nbsp;<a href=\"https:\/\/www.zf.ro\/politica-de-cookies\">https:\/\/www.zf.ro\/politica-de-cookies<\/a>.&nbsp;<\/p><p><strong>7. PARTAJAREA ARTICOLELOR<\/strong><\/p><p><strong>a.<\/strong>Dac\u0103 utilizatorul dore\u015fte s\u0103 utilizeze serviciul nostru de partajare inform\u00e2ndu-\u015fi un contact \u00een leg\u0103tur\u0103 cu site-ul sau newsletterul nostru, SC Mediamex Investment SRL nu va cere adresa de e-mail a destinatarului \u015fi nici cea a expeditorului. ZF.RO nu stocheaz\u0103 aceast\u0103 informa\u0163ie \u00eentruc\u00e2t ac\u0163iunea se petrece \u00een cadrul aplica\u0163iei de e-mail a expeditorului, SC Mediamex Investment SRL &nbsp;&nbsp;neavand acces la conturile dumneavoastr\u0103 de coresponden\u0163\u0103 indiferent de natura lor.&nbsp;<\/p><p><strong>8. OP\u0162IUNEA DE DEZABONARE<\/strong><\/p><p><strong>a.<\/strong>Utilizatorii au posibilitatea de a se dezabona \u00een momentul \u00een care nu mai doresc s\u0103 primeasc\u0103 un newsletter de la&nbsp;<a href=\"http:\/\/www.zf.ro\/\">www.zf.ro<\/a>, prin intermediul link-ului de dezabonare con\u0163inut \u00een e-mail.Dezabonarea la newsletter se poate face prin intermediul link-ului din subsolul newsletterului. Pentru mai multe informatii cu privire la prelucrarea de date cu caracter personal, v\u0103 rug\u0103m s\u0103 accesa\u0163i adresa online&nbsp;<a href=\"https:\/\/www.zf.ro\/politica-de-confidentialitate\">https:\/\/www.zf.ro\/politica-de-confidentialitate<\/a>.<\/p><p><strong>9. SECURITATE<\/strong><\/p><p><strong>a.<\/strong>SC Mediamex Investment SRL adopt\u0103 toate m\u0103surile de securitate pentru a proteja informa\u0163iile personale ale utilizatorilor s\u0103i. \u00cen momentul complet\u0103rii datelor personale pe site-ul nostru, informa\u0163iile vor fi protejate at\u00e2t offline, c\u00e2t \u015fi online. Formularele de abonare la newsletter-ul&nbsp;<a href=\"http:\/\/www.zf.ro\/\">www.zf.ro<\/a>&nbsp;necesit\u0103 introducerea unor date personale (de exemplu, num\u0103rul de telefon mobil), care vor fi protejate. Toate informa\u0163iile despre utilizatori sunt confiden\u0163iale. Doar angaja\u0163ii a c\u0103ror activitate specific\u0103 implic\u0103 lucrul cu informa\u0163ii personale (de exemplu, reprezentan\u0163ii serviciu clien\u0163i) au acces la datele de identificare ale utilizatorilor. Serverele pe care sunt stocate informa\u0163iile personale de identificare a utilizatorilor sunt localizate \u00eentr-un loc securizat. Pentru mai multe informa\u0163ii cu privire la ce date prelucr\u0103m, care sunt drepturile dumneavoastr\u0103 \u015fi informa\u0163ii generale cu privire la prelucrarea de date cu caracter personal, v\u0103 rug\u0103m s\u0103 accesa\u0163i adresa online&nbsp;<a href=\"https:\/\/www.zf.ro\/politica-de-confidentialitate\">https:\/\/www.zf.ro\/politica-de-confidentialitate<\/a>.<\/p><p><strong>10. R\u0102SPUNDERE JURIDIC\u0102. DESP\u0102GUBIRI<\/strong><\/p><p><strong>a.<\/strong>&nbsp;Con\u0163inutul acestui site, inclusiv \u015ftirile, cota\u0163iile, datele \u015fi alte informa\u0163ii, este furnizat de ZF.RO \u015fi de c\u0103tre furnizorii s\u0103i de con\u0163inut. Acest site furnizeaz\u0103 instrumente de informare, \u00eens\u0103 nu ofer\u0103 niciun fel de sfat \u015fi nici nu face vreo recomandare referitoare la anumite instrumente financiare, investi\u0163ii sau produse.<\/p><p><strong>b.<\/strong>&nbsp;ZF.RO nu cere clien\u0163ilor s\u0103i informa\u0163ii personale prin intermediul unei coresponden\u0163e nesolicitate de ace\u015ftia. Orice tip de coresponden\u0163\u0103 care ofer\u0103 sfaturi financiare sau orice mesaj nesolicitat care cere divulgarea de informa\u0163ii personale trebuie considerat un fals \u015fi raportat c\u0103tre ZF.RO prin intermediul adresei de e-mail&nbsp;<a href=\"mailto:zf24@ZF.ro\">zf24@ZF.ro<\/a>.&nbsp;<\/p><p><strong>c.<\/strong>&nbsp;ZF.RO \u015fi furnizorii s\u0103i de con\u0163inut nu r\u0103spund pentru erorile, impreciziile sau \u00eent\u00e2rzierile \u00een furnizarea con\u0163inutului oferit de SITE \u015fi nici pentru orice ac\u0163iune care se bazeaz\u0103 pe acest con\u0163inut. ZF.RO \u00ee\u015fi declin\u0103 orice responsabilitate privind garantarea, explicit\u0103 sau implicit\u0103, a acurate\u0163ii con\u0163inutului furnizat de ter\u0163i sau a felului \u00een care informa\u0163ia serve\u015fte anumitor scopuri. De\u015fi ZF.RO face toate eforturile pentru a ob\u0163ine informa\u0163ii de \u00eencredere de la furnizorii s\u0103i externi, nu garanteaz\u0103 acurate\u0163ea informa\u0163iilor furnizate de ace\u015ftia.<\/p><p><strong>d.<\/strong>&nbsp;Fiecare utilizator al SITE-ului este de acord ca, la cererea SC Mediamex Investment SRL , s\u0103 exonereze de r\u0103spundere&nbsp;<a href=\"http:\/\/www.zf.ro\/\">www.zf.ro<\/a>&nbsp;\u015fi SC Mediamex Investment SRL pentru orice ac\u0163iuni judiciare sau extrajudiciare, \u015fi s\u0103 acopere cheltuielile de judecat\u0103 \u015fi orice alte cheltuieli care ar putea s\u0103 apar\u0103 ca urmare a \u00eenc\u0103lc\u0103rii de c\u0103tre utilizatorul respectiv a clauzelor din prezentul document.<\/p><p>Persoanele fizice sau juridice responsabile de \u00eenc\u0103lcarea prevederilor din prezentul document vor suporta prevederile legisla\u0163iei \u00een vigoare \u00een Rom\u00e2nia.<\/p><p><strong>e.&nbsp;<\/strong>ZF.RO \u00ee\u015fi rezerv\u0103 dreptul de a modifica \u015fi actualiza aceste condi\u0163ii \u00een orice moment. Modific\u0103rile devin efective de la momentul public\u0103rii lor pe site.<\/p><p><strong><em>Log files:<\/em><\/strong><\/p><p><em>Utiliz\u0103m adresele IP pentru a analiza tendin\u0163e, a administra site-ul, a urm\u0103ri mi\u015fc\u0103rile utilizatorilor \u015fi a aduna informa\u0163ii demografice pentru uzul intern. Adresele IP nu au nicio leg\u0103tur\u0103 cu informa\u0163iile personale. Pentru mai multe informa\u0163ii cu privire la ce date prelucr\u0103m, care sunt drepturile dumneavoastr\u0103 \u015fi informa\u0163ii generale cu privire la prelucrarea de date cu caracter personal, v\u0103 rug\u0103m s\u0103 accesa\u0163i adresa online&nbsp;<\/em><em><a href=\"https:\/\/www.zf.ro\/politica-de-confidentialitate\">https:\/\/www.zf.ro\/politica-de-confidentialitate<\/a><\/em><em>.<\/em><\/p><p><strong>11. ACTUALIZARE<\/strong><\/p><p><strong>a.<\/strong>Aceste Condi\u0163ii de Confiden\u0163ialitate sunt actualizate de c\u00e2te ori este nevoie. Modific\u0103rile se vor reflecta \u00een tipul de informa\u0163ii publicate sau transmite de c\u0103tre ZF.RO V\u0103 rug\u0103m s\u0103 citi\u0163i periodic aceste condi\u0163ii, pentru a fi la curent cu ce informa\u0163ii colecteaz\u0103, folose\u015fte \u015fi transmite ZF.RO<\/p><p><em>Cea mai recent\u0103 actualizare a acestor Termenii \u015fi Condi\u0163ii de Utilizare a avut loc la data de&nbsp;<strong>23.01.2024<\/strong>.<\/em><\/p>","protected":false},"excerpt":{"rendered":"<p>Prin utilizarea acestui site,&nbsp;www.zf.ro, sunte\u0163i de acord cu termenii \u015fi condi\u0163iile de utilizare me\u0163ionate \u00een aceasta pagin\u0103. Accesul \u015fi utilizarea acestui site sunt supuse urm\u0103torilor termeni \u015fi condi\u0163ii de utilizare \u015fi tuturor legilor \u015fi regulamentelor aplicabile. Acces\u00e2nd \u015fi utiliz\u00e2nd site-ul, accepta\u0163i, f\u0103r\u0103 limit\u0103ri sau calific\u0103ri, ace\u015fti termeni \u015fi condi\u0163ii \u015fi lua\u0163i la cuno\u015ftin\u0163\u0103 c\u0103 orice [&hellip;]<\/p>\n","protected":false},"author":1,"featured_media":0,"parent":0,"menu_order":0,"comment_status":"closed","ping_status":"closed","template":"","meta":{"footnotes":""},"class_list":["post-2","page","type-page","status-publish","hentry"],"_links":{"self":[{"href":"https:\/\/payment.m.ro\/mfg\/index.php?rest_route=\/wp\/v2\/pages\/2","targetHints":{"allow":["GET"]}}],"collection":[{"href":"https:\/\/payment.m.ro\/mfg\/index.php?rest_route=\/wp\/v2\/pages"}],"about":[{"href":"https:\/\/payment.m.ro\/mfg\/index.php?rest_route=\/wp\/v2\/types\/page"}],"author":[{"embeddable":true,"href":"https:\/\/payment.m.ro\/mfg\/index.php?rest_route=\/wp\/v2\/users\/1"}],"replies":[{"embeddable":true,"href":"https:\/\/payment.m.ro\/mfg\/index.php?rest_route=%2Fwp%2Fv2%2Fcomments&post=2"}],"version-history":[{"count":1,"href":"https:\/\/payment.m.ro\/mfg\/index.php?rest_route=\/wp\/v2\/pages\/2\/revisions"}],"predecessor-version":[{"id":50,"href":"https:\/\/payment.m.ro\/mfg\/index.php?rest_route=\/wp\/v2\/pages\/2\/revisions\/50"}],"wp:attachment":[{"href":"https:\/\/payment.m.ro\/mfg\/index.php?rest_route=%2Fwp%2Fv2%2Fmedia&parent=2"}],"curies":[{"name":"wp","href":"https:\/\/api.w.org\/{rel}","templated":true}]}}